{"id":7614,"date":"2023-02-24T14:10:32","date_gmt":"2023-02-24T14:10:32","guid":{"rendered":"https:\/\/pretasouper.com\/?post_type=product&#038;p=7614"},"modified":"2023-02-24T19:19:42","modified_gmt":"2023-02-24T19:19:42","slug":"supa-instant-cu-taitei-vegetala-pahar-70g-mama","status":"publish","type":"product","link":"https:\/\/pretasouper.com\/en\/supa\/supa-instant-cu-taitei-vegetala-pahar-70g-mama\/","title":{"rendered":"Instant vegetable noodle soup (Glass) 70g - Mama"},"content":{"rendered":"<p>Ingrediente: f\u0103in\u0103 de gr\u00e2u (76,61%), ulei de palmier, sare, zah\u0103r, agent de \u00eent\u0103rire (E466, E500, E501), sos de soia.<br \/>\nCondimente: sare, zah\u0103r, pudr\u0103 de sos de soia, condimente poten\u021bator de arom\u0103 (E621, E635), colorant (E150a).<br \/>\nUlei: ulei de palmier, usturoi.<br \/>\nGarnitur\u0103: Legume uscate (3,97%)<\/p>","protected":false},"excerpt":{"rendered":"<p>Taitei instant din faina de grau cu legume.<\/p>","protected":false},"featured_media":7741,"template":"","meta":[],"product_brand":[],"product_cat":[108,40],"product_tag":[84,216,237,83,197,300],"berocket_brand":[93],"class_list":{"0":"post-7614","1":"product","2":"type-product","3":"status-publish","4":"has-post-thumbnail","6":"product_cat-sosuri","7":"product_cat-tailanda","8":"product_tag-instant","9":"product_tag-mama","10":"product_tag-pahar","11":"product_tag-supa","12":"product_tag-tailanda","13":"product_tag-vegetala","14":"berocket_brand-mama","16":"first","17":"outofstock","18":"taxable","19":"shipping-taxable","20":"purchasable","21":"product-type-simple"},"_links":{"self":[{"href":"https:\/\/pretasouper.com\/en\/wp-json\/wp\/v2\/product\/7614","targetHints":{"allow":["GET"]}}],"collection":[{"href":"https:\/\/pretasouper.com\/en\/wp-json\/wp\/v2\/product"}],"about":[{"href":"https:\/\/pretasouper.com\/en\/wp-json\/wp\/v2\/types\/product"}],"version-history":[{"count":3,"href":"https:\/\/pretasouper.com\/en\/wp-json\/wp\/v2\/product\/7614\/revisions"}],"predecessor-version":[{"id":7742,"href":"https:\/\/pretasouper.com\/en\/wp-json\/wp\/v2\/product\/7614\/revisions\/7742"}],"wp:featuredmedia":[{"embeddable":true,"href":"https:\/\/pretasouper.com\/en\/wp-json\/wp\/v2\/media\/7741"}],"wp:attachment":[{"href":"https:\/\/pretasouper.com\/en\/wp-json\/wp\/v2\/media?parent=7614"}],"wp:term":[{"taxonomy":"product_brand","embeddable":true,"href":"https:\/\/pretasouper.com\/en\/wp-json\/wp\/v2\/product_brand?post=7614"},{"taxonomy":"product_cat","embeddable":true,"href":"https:\/\/pretasouper.com\/en\/wp-json\/wp\/v2\/product_cat?post=7614"},{"taxonomy":"product_tag","embeddable":true,"href":"https:\/\/pretasouper.com\/en\/wp-json\/wp\/v2\/product_tag?post=7614"},{"taxonomy":"berocket_brand","embeddable":true,"href":"https:\/\/pretasouper.com\/en\/wp-json\/wp\/v2\/berocket_brand?post=7614"}],"curies":[{"name":"wp","href":"https:\/\/api.w.org\/{rel}","templated":true}]}}