{"id":7616,"date":"2023-02-24T14:14:59","date_gmt":"2023-02-24T14:14:59","guid":{"rendered":"https:\/\/pretasouper.com\/?post_type=product&#038;p=7616"},"modified":"2024-04-22T13:52:26","modified_gmt":"2024-04-22T13:52:26","slug":"supa-instant-yentafo-tofu-60g-mama","status":"publish","type":"product","link":"https:\/\/pretasouper.com\/en\/supa\/supa-instant-yentafo-tofu-60g-mama\/","title":{"rendered":"Yentafo instant soup with tofu 60g - Mama"},"content":{"rendered":"<p>Ingrediente: faina de grau, zahar, ulei de palmier, amidon modificat de tapioca, sare, pudra de SOIA fermentata, condimente, poten\u021biator de arom\u0103: E621, E635, pudr\u0103 de ardei iute, colorant: E162, acid: E330, ceap\u0103 verde uscat\u0103, regulatori de aciditate: E500, E501 , E451, pulbere de CREVETI, agent de ingrosare: E466, sos de SOIA (SOIA, apa, sare), antioxidant: E316.<\/p>","protected":false},"excerpt":{"rendered":"<p>Taitei instant din faina de grau cu aroma Yentafo. O supa dulce cu peste, creveti, tofu si sos de soia.<\/p>","protected":false},"featured_media":7744,"template":"","meta":[],"product_brand":[],"product_cat":[109,40],"product_tag":[84,208,216,83,197,322],"berocket_brand":[93],"class_list":{"0":"post-7616","1":"product","2":"type-product","3":"status-publish","4":"has-post-thumbnail","6":"product_cat-fainuri-tempurapanko-condimenteierburi","7":"product_cat-tailanda","8":"product_tag-instant","9":"product_tag-legume","10":"product_tag-mama","11":"product_tag-supa","12":"product_tag-tailanda","13":"product_tag-tofu","14":"berocket_brand-mama","16":"first","17":"instock","18":"taxable","19":"shipping-taxable","20":"purchasable","21":"product-type-simple"},"_links":{"self":[{"href":"https:\/\/pretasouper.com\/en\/wp-json\/wp\/v2\/product\/7616","targetHints":{"allow":["GET"]}}],"collection":[{"href":"https:\/\/pretasouper.com\/en\/wp-json\/wp\/v2\/product"}],"about":[{"href":"https:\/\/pretasouper.com\/en\/wp-json\/wp\/v2\/types\/product"}],"version-history":[{"count":4,"href":"https:\/\/pretasouper.com\/en\/wp-json\/wp\/v2\/product\/7616\/revisions"}],"predecessor-version":[{"id":8223,"href":"https:\/\/pretasouper.com\/en\/wp-json\/wp\/v2\/product\/7616\/revisions\/8223"}],"wp:featuredmedia":[{"embeddable":true,"href":"https:\/\/pretasouper.com\/en\/wp-json\/wp\/v2\/media\/7744"}],"wp:attachment":[{"href":"https:\/\/pretasouper.com\/en\/wp-json\/wp\/v2\/media?parent=7616"}],"wp:term":[{"taxonomy":"product_brand","embeddable":true,"href":"https:\/\/pretasouper.com\/en\/wp-json\/wp\/v2\/product_brand?post=7616"},{"taxonomy":"product_cat","embeddable":true,"href":"https:\/\/pretasouper.com\/en\/wp-json\/wp\/v2\/product_cat?post=7616"},{"taxonomy":"product_tag","embeddable":true,"href":"https:\/\/pretasouper.com\/en\/wp-json\/wp\/v2\/product_tag?post=7616"},{"taxonomy":"berocket_brand","embeddable":true,"href":"https:\/\/pretasouper.com\/en\/wp-json\/wp\/v2\/berocket_brand?post=7616"}],"curies":[{"name":"wp","href":"https:\/\/api.w.org\/{rel}","templated":true}]}}