{"id":7618,"date":"2023-02-24T14:21:12","date_gmt":"2023-02-24T14:21:12","guid":{"rendered":"https:\/\/pretasouper.com\/?post_type=product&#038;p=7618"},"modified":"2023-10-04T08:27:09","modified_gmt":"2023-10-04T08:27:09","slug":"supa-instant-cu-legume-60g-mama-2","status":"publish","type":"product","link":"https:\/\/pretasouper.com\/en\/supa\/supa-instant-cu-legume-60g-mama-2\/","title":{"rendered":"Instant whole wheat noodles vegetable flavour 60g - Mama"},"content":{"rendered":"<p>Ingrediente: taitei: faina de GRAU, ulei de palmier, sare, zahar, regulator de aciditate: E500, E501, agent de ingrosare: E466, sos de SOIA (fasole SOIA, apa, sare). Condimente: sare, poten\u021biator de arom\u0103: E621, E635, zah\u0103r, condimente, arom\u0103 de legume (\u021aELIN\u0102), praz uscat. Ulei de condimente: ulei de palmier, condimente, ulei de SUSAN. Praf de ardei iute.<\/p>","protected":false},"excerpt":{"rendered":"<p>Taitei instant din faina de grau cu aroma de legume.<\/p>","protected":false},"featured_media":7747,"template":"","meta":[],"product_brand":[],"product_cat":[108,40],"product_tag":[84,208,216,83,197],"berocket_brand":[93],"class_list":{"0":"post-7618","1":"product","2":"type-product","3":"status-publish","4":"has-post-thumbnail","6":"product_cat-sosuri","7":"product_cat-tailanda","8":"product_tag-instant","9":"product_tag-legume","10":"product_tag-mama","11":"product_tag-supa","12":"product_tag-tailanda","13":"berocket_brand-mama","15":"first","16":"instock","17":"taxable","18":"shipping-taxable","19":"purchasable","20":"product-type-simple"},"_links":{"self":[{"href":"https:\/\/pretasouper.com\/en\/wp-json\/wp\/v2\/product\/7618","targetHints":{"allow":["GET"]}}],"collection":[{"href":"https:\/\/pretasouper.com\/en\/wp-json\/wp\/v2\/product"}],"about":[{"href":"https:\/\/pretasouper.com\/en\/wp-json\/wp\/v2\/types\/product"}],"version-history":[{"count":3,"href":"https:\/\/pretasouper.com\/en\/wp-json\/wp\/v2\/product\/7618\/revisions"}],"predecessor-version":[{"id":7748,"href":"https:\/\/pretasouper.com\/en\/wp-json\/wp\/v2\/product\/7618\/revisions\/7748"}],"wp:featuredmedia":[{"embeddable":true,"href":"https:\/\/pretasouper.com\/en\/wp-json\/wp\/v2\/media\/7747"}],"wp:attachment":[{"href":"https:\/\/pretasouper.com\/en\/wp-json\/wp\/v2\/media?parent=7618"}],"wp:term":[{"taxonomy":"product_brand","embeddable":true,"href":"https:\/\/pretasouper.com\/en\/wp-json\/wp\/v2\/product_brand?post=7618"},{"taxonomy":"product_cat","embeddable":true,"href":"https:\/\/pretasouper.com\/en\/wp-json\/wp\/v2\/product_cat?post=7618"},{"taxonomy":"product_tag","embeddable":true,"href":"https:\/\/pretasouper.com\/en\/wp-json\/wp\/v2\/product_tag?post=7618"},{"taxonomy":"berocket_brand","embeddable":true,"href":"https:\/\/pretasouper.com\/en\/wp-json\/wp\/v2\/berocket_brand?post=7618"}],"curies":[{"name":"wp","href":"https:\/\/api.w.org\/{rel}","templated":true}]}}