{"id":7620,"date":"2023-02-24T14:23:29","date_gmt":"2023-02-24T14:23:29","guid":{"rendered":"https:\/\/pretasouper.com\/?post_type=product&#038;p=7620"},"modified":"2024-06-04T08:39:30","modified_gmt":"2024-06-04T08:39:30","slug":"supa-instant-moo-nam-tok-55g-mama","status":"publish","type":"product","link":"https:\/\/pretasouper.com\/en\/supa\/supa-instant-moo-nam-tok-55g-mama\/","title":{"rendered":"Moo Nam Tok instant soup 55g - Mama"},"content":{"rendered":"<p>Ingrediente: Taitei: faina de GRAU, ulei de palmier, sare, zahar, agent de ingrosare: E466, regulator de aciditate: E500, E501, sos de SOIA (fasole de SOIA, apa, sare). Condimente: sare, zah\u0103r, f\u0103in\u0103 de porumb, pudr\u0103 de sos (pulbere de soia [soia soia, ap\u0103, GRAU, sare], sare, extract de mal\u021b, pudr\u0103 de extract de drojdie, ulei de palmier), poten\u021biator de arom\u0103: E621, E635, pudr\u0103 de ardei iute, culoare: E150, arom\u0103 de porc 0,5% (con\u021bine poten\u021biatori de arom\u0103: E621, E627, E631), condimente, praz uscat, acid: E330, antiaglomerant: E551. Ulei de condimente: ulei de palmier, coriandru, ardei iute. Praf de ardei iute.<\/p>\n","protected":false},"excerpt":{"rendered":"<p>Taitei instant din faina de grau Moo Nam Tok cu carne de porc la gratar, ceapa si menta.<\/p>","protected":false},"featured_media":7750,"template":"","meta":[],"product_brand":[],"product_cat":[107,40],"product_tag":[226,84,187,216,327,217,83,197],"berocket_brand":[93],"class_list":{"0":"post-7620","1":"product","2":"type-product","3":"status-publish","4":"has-post-thumbnail","6":"product_cat-produse-din-cocos-lapte-de-cocos-cremafulgi","7":"product_cat-tailanda","8":"product_tag-ceapa","9":"product_tag-instant","10":"product_tag-iute","11":"product_tag-mama","12":"product_tag-menta","13":"product_tag-porc","14":"product_tag-supa","15":"product_tag-tailanda","16":"berocket_brand-mama","18":"first","19":"outofstock","20":"taxable","21":"shipping-taxable","22":"purchasable","23":"product-type-simple"},"_links":{"self":[{"href":"https:\/\/pretasouper.com\/en\/wp-json\/wp\/v2\/product\/7620","targetHints":{"allow":["GET"]}}],"collection":[{"href":"https:\/\/pretasouper.com\/en\/wp-json\/wp\/v2\/product"}],"about":[{"href":"https:\/\/pretasouper.com\/en\/wp-json\/wp\/v2\/types\/product"}],"version-history":[{"count":2,"href":"https:\/\/pretasouper.com\/en\/wp-json\/wp\/v2\/product\/7620\/revisions"}],"predecessor-version":[{"id":7751,"href":"https:\/\/pretasouper.com\/en\/wp-json\/wp\/v2\/product\/7620\/revisions\/7751"}],"wp:featuredmedia":[{"embeddable":true,"href":"https:\/\/pretasouper.com\/en\/wp-json\/wp\/v2\/media\/7750"}],"wp:attachment":[{"href":"https:\/\/pretasouper.com\/en\/wp-json\/wp\/v2\/media?parent=7620"}],"wp:term":[{"taxonomy":"product_brand","embeddable":true,"href":"https:\/\/pretasouper.com\/en\/wp-json\/wp\/v2\/product_brand?post=7620"},{"taxonomy":"product_cat","embeddable":true,"href":"https:\/\/pretasouper.com\/en\/wp-json\/wp\/v2\/product_cat?post=7620"},{"taxonomy":"product_tag","embeddable":true,"href":"https:\/\/pretasouper.com\/en\/wp-json\/wp\/v2\/product_tag?post=7620"},{"taxonomy":"berocket_brand","embeddable":true,"href":"https:\/\/pretasouper.com\/en\/wp-json\/wp\/v2\/berocket_brand?post=7620"}],"curies":[{"name":"wp","href":"https:\/\/api.w.org\/{rel}","templated":true}]}}