{"id":7622,"date":"2023-02-24T14:30:11","date_gmt":"2023-02-24T14:30:11","guid":{"rendered":"https:\/\/pretasouper.com\/?post_type=product&#038;p=7622"},"modified":"2024-04-22T13:51:23","modified_gmt":"2024-04-22T13:51:23","slug":"supa-instant-de-taitei-mi-goreng-80g-mama","status":"publish","type":"product","link":"https:\/\/pretasouper.com\/en\/supa\/supa-instant-de-taitei-mi-goreng-80g-mama\/","title":{"rendered":"Mi Goreng instant noodles 80g - Mama"},"content":{"rendered":"<p>Ingrediente: Taitei: faina de GRAU, amidon modificat de tapioca, ulei de palmier, sare, aciditate: E500, E501, agent de ingrosare: E412. Condimente: zah\u0103r, condimente (usturoi, ceap\u0103), sare, sos SOIA (sare, semin\u021be de soia, f\u0103in\u0103 de GR\u00c2U, pudr\u0103 de PE\u0218TE, ap\u0103), poten\u021biatori de arom\u0103: E621, E635), stridii, arom\u0103 de colorant: E150a, agent antiaglomerant: E551, arom\u0103 de shalota, sos dulce de SOIA (zah\u0103r, glucoz\u0103 din porumb, SOIA, sare, sirop de melas\u0103, colorant: E150a, o\u021bet), ulei, e\u0219alot\u0103, usturoi, arom\u0103 de usturoi. Legume uscate: morcov, porumb. Praf de ardei iute.<\/p>","protected":false},"excerpt":{"rendered":"<p>Mi goreng sunt t\u0103i\u021bei pr\u0103ji\u021bi indonezieni cu sos de soia, legume \u0219i creve\u021bi. Ace\u0219ti t\u0103i\u021bei con\u021bin arom\u0103 de creve\u021bi, buc\u0103\u021bi mici de legume uscate \u0219i au un gust picant.<\/p>","protected":false},"featured_media":7753,"template":"","meta":[],"product_brand":[],"product_cat":[109,40],"product_tag":[215,190,84,208,216,197,183],"berocket_brand":[93],"class_list":{"0":"post-7622","1":"product","2":"type-product","3":"status-publish","4":"has-post-thumbnail","6":"product_cat-fainuri-tempurapanko-condimenteierburi","7":"product_cat-tailanda","8":"product_tag-creveti","9":"product_tag-hot","10":"product_tag-instant","11":"product_tag-legume","12":"product_tag-mama","13":"product_tag-tailanda","14":"product_tag-taitei","15":"berocket_brand-mama","17":"first","18":"instock","19":"taxable","20":"shipping-taxable","21":"purchasable","22":"product-type-simple"},"_links":{"self":[{"href":"https:\/\/pretasouper.com\/en\/wp-json\/wp\/v2\/product\/7622","targetHints":{"allow":["GET"]}}],"collection":[{"href":"https:\/\/pretasouper.com\/en\/wp-json\/wp\/v2\/product"}],"about":[{"href":"https:\/\/pretasouper.com\/en\/wp-json\/wp\/v2\/types\/product"}],"version-history":[{"count":2,"href":"https:\/\/pretasouper.com\/en\/wp-json\/wp\/v2\/product\/7622\/revisions"}],"predecessor-version":[{"id":7754,"href":"https:\/\/pretasouper.com\/en\/wp-json\/wp\/v2\/product\/7622\/revisions\/7754"}],"wp:featuredmedia":[{"embeddable":true,"href":"https:\/\/pretasouper.com\/en\/wp-json\/wp\/v2\/media\/7753"}],"wp:attachment":[{"href":"https:\/\/pretasouper.com\/en\/wp-json\/wp\/v2\/media?parent=7622"}],"wp:term":[{"taxonomy":"product_brand","embeddable":true,"href":"https:\/\/pretasouper.com\/en\/wp-json\/wp\/v2\/product_brand?post=7622"},{"taxonomy":"product_cat","embeddable":true,"href":"https:\/\/pretasouper.com\/en\/wp-json\/wp\/v2\/product_cat?post=7622"},{"taxonomy":"product_tag","embeddable":true,"href":"https:\/\/pretasouper.com\/en\/wp-json\/wp\/v2\/product_tag?post=7622"},{"taxonomy":"berocket_brand","embeddable":true,"href":"https:\/\/pretasouper.com\/en\/wp-json\/wp\/v2\/berocket_brand?post=7622"}],"curies":[{"name":"wp","href":"https:\/\/api.w.org\/{rel}","templated":true}]}}