{"id":7628,"date":"2023-02-24T14:37:18","date_gmt":"2023-02-24T14:37:18","guid":{"rendered":"https:\/\/pretasouper.com\/?post_type=product&#038;p=7628"},"modified":"2024-04-12T09:32:35","modified_gmt":"2024-04-12T09:32:35","slug":"supa-instant-cu-ou-sarata-85g-mama","status":"publish","type":"product","link":"https:\/\/pretasouper.com\/en\/supa\/supa-instant-cu-ou-sarata-85g-mama\/","title":{"rendered":"Salted instant soup with egg 85g - Mama"},"content":{"rendered":"<p>Ingrediente: F\u0103in\u0103 de gr\u00e2u, ulei de palmier, modificat, amidon de tapioca, zah\u0103r, pudr\u0103 de ou, sare, arome (soia, lapte), condimente, poten\u021biator de arom\u0103: glutamat monosodic E621, poten\u021biator de arom\u0103: 5\u2019-ribonucleotid\u0103 disodic E635, pudr\u0103 de ardei iute, regulator de aciditate: Carbonat de sodiu E500, Regulator de aciditate: carbonat de potasiu E501, agent de cre\u0219tere: Trifosfat E451, uscat, ceap\u0103 verde, agent de \u00eengro\u0219are: carboximetilceluloz\u0103 de sodiu E466, agent antiaglomerant: Dioxid de siliciu E551, regulator de aciditate: Acid citric E330, Agent de colorare: paprika E160c, capsicum oleoresine, antioxidant: acid carnosolic E392<\/p>","protected":false},"excerpt":{"rendered":"<p>Supa instant cu taitei din orez sarata si aroma de ou.<\/p>","protected":false},"featured_media":7758,"template":"","meta":[],"product_brand":[],"product_cat":[108,40],"product_tag":[84,216,323,83,197,300],"berocket_brand":[93],"class_list":{"0":"post-7628","1":"product","2":"type-product","3":"status-publish","4":"has-post-thumbnail","6":"product_cat-sosuri","7":"product_cat-tailanda","8":"product_tag-instant","9":"product_tag-mama","10":"product_tag-ou","11":"product_tag-supa","12":"product_tag-tailanda","13":"product_tag-vegetala","14":"berocket_brand-mama","16":"first","17":"outofstock","18":"taxable","19":"shipping-taxable","20":"purchasable","21":"product-type-simple"},"_links":{"self":[{"href":"https:\/\/pretasouper.com\/en\/wp-json\/wp\/v2\/product\/7628","targetHints":{"allow":["GET"]}}],"collection":[{"href":"https:\/\/pretasouper.com\/en\/wp-json\/wp\/v2\/product"}],"about":[{"href":"https:\/\/pretasouper.com\/en\/wp-json\/wp\/v2\/types\/product"}],"version-history":[{"count":2,"href":"https:\/\/pretasouper.com\/en\/wp-json\/wp\/v2\/product\/7628\/revisions"}],"predecessor-version":[{"id":7760,"href":"https:\/\/pretasouper.com\/en\/wp-json\/wp\/v2\/product\/7628\/revisions\/7760"}],"wp:featuredmedia":[{"embeddable":true,"href":"https:\/\/pretasouper.com\/en\/wp-json\/wp\/v2\/media\/7758"}],"wp:attachment":[{"href":"https:\/\/pretasouper.com\/en\/wp-json\/wp\/v2\/media?parent=7628"}],"wp:term":[{"taxonomy":"product_brand","embeddable":true,"href":"https:\/\/pretasouper.com\/en\/wp-json\/wp\/v2\/product_brand?post=7628"},{"taxonomy":"product_cat","embeddable":true,"href":"https:\/\/pretasouper.com\/en\/wp-json\/wp\/v2\/product_cat?post=7628"},{"taxonomy":"product_tag","embeddable":true,"href":"https:\/\/pretasouper.com\/en\/wp-json\/wp\/v2\/product_tag?post=7628"},{"taxonomy":"berocket_brand","embeddable":true,"href":"https:\/\/pretasouper.com\/en\/wp-json\/wp\/v2\/berocket_brand?post=7628"}],"curies":[{"name":"wp","href":"https:\/\/api.w.org\/{rel}","templated":true}]}}