{"id":7629,"date":"2023-02-24T14:37:41","date_gmt":"2023-02-24T14:37:41","guid":{"rendered":"https:\/\/pretasouper.com\/?post_type=product&#038;p=7629"},"modified":"2023-02-24T14:40:09","modified_gmt":"2023-02-24T14:40:09","slug":"taitei-instant-ramen-cu-rata-100g-nissin","status":"publish","type":"product","link":"https:\/\/pretasouper.com\/en\/supa\/taitei-instant-ramen-cu-rata-100g-nissin\/","title":{"rendered":"Ramen instant noodles with duck 100g - Nissin"},"content":{"rendered":"<p>Ingrediente: Fidea 92,2% [F\u0103in\u0103 de GRAU, ulei de palmier, sare, agen\u021bi de tratare a f\u0103inii (E500, E451), stabilizator E501, agent de \u00eengro\u0219are E412, antioxidant E306]<\/p>\n<p>Pudr\u0103 de condimente 7,8%\u00a0 [sare, zah\u0103r, arome (amplificatori de arom\u0103: E627, E631; LAPTE, GR\u00c2U, SOIA), praf de sos de soia (SOIA, GR\u00c2U, sare, maltodextrin\u0103), poten\u021biatori de arom\u0103 (E621, E635), usturoi, condimente, arome de ra\u021b\u0103 (2) ,6% \u00een pudr\u0103 de condimente), pulbere de carne de pui, colorant E150c, regulatori de aciditate (E262, E330), praz, agent antiaglomerant E551]<\/p>\n","protected":false},"excerpt":{"rendered":"<p>Taitei instant din faina de grau cu aroma de rata.<\/p>","protected":false},"featured_media":7630,"template":"","meta":[],"product_brand":[],"product_cat":[87,106],"product_tag":[84,202,238,189,196,183],"berocket_brand":[89],"class_list":{"0":"post-7629","1":"product","2":"type-product","3":"status-publish","4":"has-post-thumbnail","6":"product_cat-japonia","7":"product_cat-taitei","8":"product_tag-instant","9":"product_tag-japonia","10":"product_tag-nissin","11":"product_tag-ramen","12":"product_tag-rata","13":"product_tag-taitei","14":"berocket_brand-nissin","16":"first","17":"outofstock","18":"taxable","19":"shipping-taxable","20":"purchasable","21":"product-type-simple"},"_links":{"self":[{"href":"https:\/\/pretasouper.com\/en\/wp-json\/wp\/v2\/product\/7629","targetHints":{"allow":["GET"]}}],"collection":[{"href":"https:\/\/pretasouper.com\/en\/wp-json\/wp\/v2\/product"}],"about":[{"href":"https:\/\/pretasouper.com\/en\/wp-json\/wp\/v2\/types\/product"}],"version-history":[{"count":1,"href":"https:\/\/pretasouper.com\/en\/wp-json\/wp\/v2\/product\/7629\/revisions"}],"predecessor-version":[{"id":7632,"href":"https:\/\/pretasouper.com\/en\/wp-json\/wp\/v2\/product\/7629\/revisions\/7632"}],"wp:featuredmedia":[{"embeddable":true,"href":"https:\/\/pretasouper.com\/en\/wp-json\/wp\/v2\/media\/7630"}],"wp:attachment":[{"href":"https:\/\/pretasouper.com\/en\/wp-json\/wp\/v2\/media?parent=7629"}],"wp:term":[{"taxonomy":"product_brand","embeddable":true,"href":"https:\/\/pretasouper.com\/en\/wp-json\/wp\/v2\/product_brand?post=7629"},{"taxonomy":"product_cat","embeddable":true,"href":"https:\/\/pretasouper.com\/en\/wp-json\/wp\/v2\/product_cat?post=7629"},{"taxonomy":"product_tag","embeddable":true,"href":"https:\/\/pretasouper.com\/en\/wp-json\/wp\/v2\/product_tag?post=7629"},{"taxonomy":"berocket_brand","embeddable":true,"href":"https:\/\/pretasouper.com\/en\/wp-json\/wp\/v2\/berocket_brand?post=7629"}],"curies":[{"name":"wp","href":"https:\/\/api.w.org\/{rel}","templated":true}]}}