{"id":7633,"date":"2023-02-24T14:40:10","date_gmt":"2023-02-24T14:40:10","guid":{"rendered":"https:\/\/pretasouper.com\/?post_type=product&#038;p=7633"},"modified":"2024-06-04T08:38:45","modified_gmt":"2024-06-04T08:38:45","slug":"supa-instant-cu-taitei-si-porc-pahar-70g-mama","status":"publish","type":"product","link":"https:\/\/pretasouper.com\/en\/supa\/supa-instant-cu-taitei-si-porc-pahar-70g-mama\/","title":{"rendered":"Instant soup with noodles and pork (Glass) 70g - Mama"},"content":{"rendered":"<p>Ingrediente: f\u0103in\u0103 de gr\u00e2u 78%, ulei de palmier, sare, condimente (usturoi, piper), zah\u0103r, legume uscate (morcov, ceap\u0103 de prim\u0103var\u0103 uscat\u0103), protein\u0103 din soia texturat\u0103, poten\u021biator de arom\u0103: E621, E635, pudr\u0103 de ardei iute, regulator de aciditate: E500, E501, E451, agent de \u00eengro\u0219are: E466, sos de soia (soia, ap\u0103, sare), arom\u0103 0,01%.<\/p>","protected":false},"excerpt":{"rendered":"<p>Taitei instant din faina de grau cu aroma de porc.<\/p>","protected":false},"featured_media":7762,"template":"","meta":[],"product_brand":[],"product_cat":[107,40],"product_tag":[84,216,237,217,83,197],"berocket_brand":[93],"class_list":{"0":"post-7633","1":"product","2":"type-product","3":"status-publish","4":"has-post-thumbnail","6":"product_cat-produse-din-cocos-lapte-de-cocos-cremafulgi","7":"product_cat-tailanda","8":"product_tag-instant","9":"product_tag-mama","10":"product_tag-pahar","11":"product_tag-porc","12":"product_tag-supa","13":"product_tag-tailanda","14":"berocket_brand-mama","16":"first","17":"outofstock","18":"taxable","19":"shipping-taxable","20":"purchasable","21":"product-type-simple"},"_links":{"self":[{"href":"https:\/\/pretasouper.com\/en\/wp-json\/wp\/v2\/product\/7633","targetHints":{"allow":["GET"]}}],"collection":[{"href":"https:\/\/pretasouper.com\/en\/wp-json\/wp\/v2\/product"}],"about":[{"href":"https:\/\/pretasouper.com\/en\/wp-json\/wp\/v2\/types\/product"}],"version-history":[{"count":2,"href":"https:\/\/pretasouper.com\/en\/wp-json\/wp\/v2\/product\/7633\/revisions"}],"predecessor-version":[{"id":7763,"href":"https:\/\/pretasouper.com\/en\/wp-json\/wp\/v2\/product\/7633\/revisions\/7763"}],"wp:featuredmedia":[{"embeddable":true,"href":"https:\/\/pretasouper.com\/en\/wp-json\/wp\/v2\/media\/7762"}],"wp:attachment":[{"href":"https:\/\/pretasouper.com\/en\/wp-json\/wp\/v2\/media?parent=7633"}],"wp:term":[{"taxonomy":"product_brand","embeddable":true,"href":"https:\/\/pretasouper.com\/en\/wp-json\/wp\/v2\/product_brand?post=7633"},{"taxonomy":"product_cat","embeddable":true,"href":"https:\/\/pretasouper.com\/en\/wp-json\/wp\/v2\/product_cat?post=7633"},{"taxonomy":"product_tag","embeddable":true,"href":"https:\/\/pretasouper.com\/en\/wp-json\/wp\/v2\/product_tag?post=7633"},{"taxonomy":"berocket_brand","embeddable":true,"href":"https:\/\/pretasouper.com\/en\/wp-json\/wp\/v2\/berocket_brand?post=7633"}],"curies":[{"name":"wp","href":"https:\/\/api.w.org\/{rel}","templated":true}]}}