{"id":7641,"date":"2023-02-24T14:49:29","date_gmt":"2023-02-24T14:49:29","guid":{"rendered":"https:\/\/pretasouper.com\/?post_type=product&#038;p=7641"},"modified":"2024-04-22T13:50:03","modified_gmt":"2024-04-22T13:50:03","slug":"supa-instant-cu-porc-90g-mama","status":"publish","type":"product","link":"https:\/\/pretasouper.com\/en\/supa\/supa-instant-cu-porc-90g-mama\/","title":{"rendered":"Instant soup with pork 90g - Mama"},"content":{"rendered":"<p>Ingrediente: 79% f\u0103in\u0103 de gr\u00e2u, ulei de palmier, sare, condimente, zah\u0103r, poten\u021biatori de arom\u0103 (E621, E635), pudr\u0103 de chili, condimente (susan), ceap\u0103 uscat\u0103, regulatori de aciditate (E500, E501, E451), agen\u021bi de \u00eengro\u0219are (E466), sos de soia (sos de soia), ap\u0103, sare)<\/p>","protected":false},"excerpt":{"rendered":"<p>Taitei instant din faina de grau cu arome de porc.<\/p>","protected":false},"featured_media":7768,"template":"","meta":[],"product_brand":[],"product_cat":[107,40],"product_tag":[84,216,217,197,183],"berocket_brand":[93],"class_list":{"0":"post-7641","1":"product","2":"type-product","3":"status-publish","4":"has-post-thumbnail","6":"product_cat-produse-din-cocos-lapte-de-cocos-cremafulgi","7":"product_cat-tailanda","8":"product_tag-instant","9":"product_tag-mama","10":"product_tag-porc","11":"product_tag-tailanda","12":"product_tag-taitei","13":"berocket_brand-mama","15":"first","16":"instock","17":"taxable","18":"shipping-taxable","19":"purchasable","20":"product-type-simple"},"_links":{"self":[{"href":"https:\/\/pretasouper.com\/en\/wp-json\/wp\/v2\/product\/7641","targetHints":{"allow":["GET"]}}],"collection":[{"href":"https:\/\/pretasouper.com\/en\/wp-json\/wp\/v2\/product"}],"about":[{"href":"https:\/\/pretasouper.com\/en\/wp-json\/wp\/v2\/types\/product"}],"version-history":[{"count":3,"href":"https:\/\/pretasouper.com\/en\/wp-json\/wp\/v2\/product\/7641\/revisions"}],"predecessor-version":[{"id":7769,"href":"https:\/\/pretasouper.com\/en\/wp-json\/wp\/v2\/product\/7641\/revisions\/7769"}],"wp:featuredmedia":[{"embeddable":true,"href":"https:\/\/pretasouper.com\/en\/wp-json\/wp\/v2\/media\/7768"}],"wp:attachment":[{"href":"https:\/\/pretasouper.com\/en\/wp-json\/wp\/v2\/media?parent=7641"}],"wp:term":[{"taxonomy":"product_brand","embeddable":true,"href":"https:\/\/pretasouper.com\/en\/wp-json\/wp\/v2\/product_brand?post=7641"},{"taxonomy":"product_cat","embeddable":true,"href":"https:\/\/pretasouper.com\/en\/wp-json\/wp\/v2\/product_cat?post=7641"},{"taxonomy":"product_tag","embeddable":true,"href":"https:\/\/pretasouper.com\/en\/wp-json\/wp\/v2\/product_tag?post=7641"},{"taxonomy":"berocket_brand","embeddable":true,"href":"https:\/\/pretasouper.com\/en\/wp-json\/wp\/v2\/berocket_brand?post=7641"}],"curies":[{"name":"wp","href":"https:\/\/api.w.org\/{rel}","templated":true}]}}