{"id":7643,"date":"2023-02-24T14:54:42","date_gmt":"2023-02-24T14:54:42","guid":{"rendered":"https:\/\/pretasouper.com\/?post_type=product&#038;p=7643"},"modified":"2024-06-04T08:37:58","modified_gmt":"2024-06-04T08:37:58","slug":"taitei-instant-cu-vita-pahar70g-mama","status":"publish","type":"product","link":"https:\/\/pretasouper.com\/en\/supa\/taitei-instant-cu-vita-pahar70g-mama\/","title":{"rendered":"Instant noodles with beef (glass) 70g - Mama"},"content":{"rendered":"<p>Ingrediente: f\u0103in\u0103 de gr\u00e2u 78%, ulei de palmier, sare, zah\u0103r, legume uscate (morcov, ceap\u0103 de prim\u0103var\u0103), protein\u0103 din soia texturat\u0103, condimente, arome (proteine \u200b\u200bdin lapte) 0,84%, poten\u021biator de arom\u0103: E621, E635, regulator de aciditate: E500, E501 , E451, pudr\u0103 de ardei iute, amidon de tapioca, colorant (caramel simplu), agent de \u00eengro\u0219are: E466, sos de soia (soia, ap\u0103, sare)<\/p>","protected":false},"excerpt":{"rendered":"<p>Taitei instant din faina de grau cu vita.<\/p>","protected":false},"featured_media":7771,"template":"","meta":[],"product_brand":[],"product_cat":[105,40],"product_tag":[84,216,237,197,183,205],"berocket_brand":[93],"class_list":{"0":"post-7643","1":"product","2":"type-product","3":"status-publish","4":"has-post-thumbnail","6":"product_cat-orez","7":"product_cat-tailanda","8":"product_tag-instant","9":"product_tag-mama","10":"product_tag-pahar","11":"product_tag-tailanda","12":"product_tag-taitei","13":"product_tag-vita","14":"berocket_brand-mama","16":"first","17":"outofstock","18":"taxable","19":"shipping-taxable","20":"purchasable","21":"product-type-simple"},"_links":{"self":[{"href":"https:\/\/pretasouper.com\/en\/wp-json\/wp\/v2\/product\/7643","targetHints":{"allow":["GET"]}}],"collection":[{"href":"https:\/\/pretasouper.com\/en\/wp-json\/wp\/v2\/product"}],"about":[{"href":"https:\/\/pretasouper.com\/en\/wp-json\/wp\/v2\/types\/product"}],"version-history":[{"count":3,"href":"https:\/\/pretasouper.com\/en\/wp-json\/wp\/v2\/product\/7643\/revisions"}],"predecessor-version":[{"id":7772,"href":"https:\/\/pretasouper.com\/en\/wp-json\/wp\/v2\/product\/7643\/revisions\/7772"}],"wp:featuredmedia":[{"embeddable":true,"href":"https:\/\/pretasouper.com\/en\/wp-json\/wp\/v2\/media\/7771"}],"wp:attachment":[{"href":"https:\/\/pretasouper.com\/en\/wp-json\/wp\/v2\/media?parent=7643"}],"wp:term":[{"taxonomy":"product_brand","embeddable":true,"href":"https:\/\/pretasouper.com\/en\/wp-json\/wp\/v2\/product_brand?post=7643"},{"taxonomy":"product_cat","embeddable":true,"href":"https:\/\/pretasouper.com\/en\/wp-json\/wp\/v2\/product_cat?post=7643"},{"taxonomy":"product_tag","embeddable":true,"href":"https:\/\/pretasouper.com\/en\/wp-json\/wp\/v2\/product_tag?post=7643"},{"taxonomy":"berocket_brand","embeddable":true,"href":"https:\/\/pretasouper.com\/en\/wp-json\/wp\/v2\/berocket_brand?post=7643"}],"curies":[{"name":"wp","href":"https:\/\/api.w.org\/{rel}","templated":true}]}}