{"id":7647,"date":"2023-02-24T15:00:51","date_gmt":"2023-02-24T15:00:51","guid":{"rendered":"https:\/\/pretasouper.com\/?post_type=product&#038;p=7647"},"modified":"2023-11-06T12:36:37","modified_gmt":"2023-11-06T12:36:37","slug":"supa-instant-cu-taitei-din-fasole-mung-tom-yam-goong-40g-mama","status":"publish","type":"product","link":"https:\/\/pretasouper.com\/en\/supa\/supa-instant-cu-taitei-din-fasole-mung-tom-yam-goong-40g-mama\/","title":{"rendered":"Instant soup with mung bean noodles and Tom Yam Goong flavor 40g - Mama"},"content":{"rendered":"<p>Ingrediente: Vermicelli: fasole mung 67,5% amestec de condimente: sare, zah\u0103r, pudr\u0103 de ardei iute, pudr\u0103 de usturoi, regulator de aciditate: E330, poten\u021biatori de arom\u0103: E621, E627, E631, pudr\u0103 de piper, praz uscat, arom\u0103 de l\u0103m\u00e2ie. Ulei de palmier, frunze de lamaie verde, ardei iute uscat, CREVETI uscati, frunze de bergamota.<\/p>","protected":false},"excerpt":{"rendered":"<p>Supa instant Tom Yam Koong cu taitei vermicelli din fasole mung acrisoara, usor picanta ce contine creveti, curry si lime.<\/p>","protected":false},"featured_media":7774,"template":"","meta":[],"product_brand":[],"product_cat":[109,40],"product_tag":[84,273,216,197,314],"berocket_brand":[93],"class_list":{"0":"post-7647","1":"product","2":"type-product","3":"status-publish","4":"has-post-thumbnail","6":"product_cat-fainuri-tempurapanko-condimenteierburi","7":"product_cat-tailanda","8":"product_tag-instant","9":"product_tag-lime","10":"product_tag-mama","11":"product_tag-tailanda","12":"product_tag-taitei-din-fasole-mung","13":"berocket_brand-mama","15":"first","16":"instock","17":"taxable","18":"shipping-taxable","19":"purchasable","20":"product-type-simple"},"_links":{"self":[{"href":"https:\/\/pretasouper.com\/en\/wp-json\/wp\/v2\/product\/7647","targetHints":{"allow":["GET"]}}],"collection":[{"href":"https:\/\/pretasouper.com\/en\/wp-json\/wp\/v2\/product"}],"about":[{"href":"https:\/\/pretasouper.com\/en\/wp-json\/wp\/v2\/types\/product"}],"version-history":[{"count":2,"href":"https:\/\/pretasouper.com\/en\/wp-json\/wp\/v2\/product\/7647\/revisions"}],"predecessor-version":[{"id":7775,"href":"https:\/\/pretasouper.com\/en\/wp-json\/wp\/v2\/product\/7647\/revisions\/7775"}],"wp:featuredmedia":[{"embeddable":true,"href":"https:\/\/pretasouper.com\/en\/wp-json\/wp\/v2\/media\/7774"}],"wp:attachment":[{"href":"https:\/\/pretasouper.com\/en\/wp-json\/wp\/v2\/media?parent=7647"}],"wp:term":[{"taxonomy":"product_brand","embeddable":true,"href":"https:\/\/pretasouper.com\/en\/wp-json\/wp\/v2\/product_brand?post=7647"},{"taxonomy":"product_cat","embeddable":true,"href":"https:\/\/pretasouper.com\/en\/wp-json\/wp\/v2\/product_cat?post=7647"},{"taxonomy":"product_tag","embeddable":true,"href":"https:\/\/pretasouper.com\/en\/wp-json\/wp\/v2\/product_tag?post=7647"},{"taxonomy":"berocket_brand","embeddable":true,"href":"https:\/\/pretasouper.com\/en\/wp-json\/wp\/v2\/berocket_brand?post=7647"}],"curies":[{"name":"wp","href":"https:\/\/api.w.org\/{rel}","templated":true}]}}