{"id":7654,"date":"2023-02-24T15:09:53","date_gmt":"2023-02-24T15:09:53","guid":{"rendered":"https:\/\/pretasouper.com\/?post_type=product&#038;p=7654"},"modified":"2024-04-16T11:39:19","modified_gmt":"2024-04-16T11:39:19","slug":"terci-din-orez-instant-cu-porc-45g-mama","status":"publish","type":"product","link":"https:\/\/pretasouper.com\/en\/supa\/terci-din-orez-instant-cu-porc-45g-mama\/","title":{"rendered":"Terci orez instant cu porc 45g &#8211; Mama"},"content":{"rendered":"<p>Instructiuni de servire:<br \/>\n1. Deschide\u021bi par\u021bial capacul \u0219i ad\u0103uga\u021bi continutul plicului.<br \/>\n2. Se toarn\u0103 ap\u0103 clocotit\u0103 pentru a umple linia interioar\u0103.<br \/>\n3. Acoperi\u021bi capacul \u0219i a\u0219tepta\u021bi 3 minute.<\/p>","protected":false},"excerpt":{"rendered":"<p>Terci de orez cu aroma de porc.<\/p>","protected":false},"featured_media":7780,"template":"","meta":[],"product_brand":[],"product_cat":[107,40],"product_tag":[84,216,213,217],"berocket_brand":[93],"class_list":{"0":"post-7654","1":"product","2":"type-product","3":"status-publish","4":"has-post-thumbnail","6":"product_cat-produse-din-cocos-lapte-de-cocos-cremafulgi","7":"product_cat-tailanda","8":"product_tag-instant","9":"product_tag-mama","10":"product_tag-orez","11":"product_tag-porc","12":"berocket_brand-mama","14":"first","15":"outofstock","16":"taxable","17":"shipping-taxable","18":"purchasable","19":"product-type-simple"},"_links":{"self":[{"href":"https:\/\/pretasouper.com\/en\/wp-json\/wp\/v2\/product\/7654","targetHints":{"allow":["GET"]}}],"collection":[{"href":"https:\/\/pretasouper.com\/en\/wp-json\/wp\/v2\/product"}],"about":[{"href":"https:\/\/pretasouper.com\/en\/wp-json\/wp\/v2\/types\/product"}],"version-history":[{"count":5,"href":"https:\/\/pretasouper.com\/en\/wp-json\/wp\/v2\/product\/7654\/revisions"}],"predecessor-version":[{"id":8380,"href":"https:\/\/pretasouper.com\/en\/wp-json\/wp\/v2\/product\/7654\/revisions\/8380"}],"wp:featuredmedia":[{"embeddable":true,"href":"https:\/\/pretasouper.com\/en\/wp-json\/wp\/v2\/media\/7780"}],"wp:attachment":[{"href":"https:\/\/pretasouper.com\/en\/wp-json\/wp\/v2\/media?parent=7654"}],"wp:term":[{"taxonomy":"product_brand","embeddable":true,"href":"https:\/\/pretasouper.com\/en\/wp-json\/wp\/v2\/product_brand?post=7654"},{"taxonomy":"product_cat","embeddable":true,"href":"https:\/\/pretasouper.com\/en\/wp-json\/wp\/v2\/product_cat?post=7654"},{"taxonomy":"product_tag","embeddable":true,"href":"https:\/\/pretasouper.com\/en\/wp-json\/wp\/v2\/product_tag?post=7654"},{"taxonomy":"berocket_brand","embeddable":true,"href":"https:\/\/pretasouper.com\/en\/wp-json\/wp\/v2\/berocket_brand?post=7654"}],"curies":[{"name":"wp","href":"https:\/\/api.w.org\/{rel}","templated":true}]}}