{"id":7659,"date":"2023-02-24T15:14:52","date_gmt":"2023-02-24T15:14:52","guid":{"rendered":"https:\/\/pretasouper.com\/?post_type=product&#038;p=7659"},"modified":"2024-04-16T11:39:05","modified_gmt":"2024-04-16T11:39:05","slug":"terci-din-orez-instant-cu-pui-45g-mama","status":"publish","type":"product","link":"https:\/\/pretasouper.com\/en\/supa\/terci-din-orez-instant-cu-pui-45g-mama\/","title":{"rendered":"Terci de orez instant cu pui 45g &#8211; Mama"},"content":{"rendered":"<p>Instructiuni de servire:<br \/>\n1. Deschide\u021bi par\u021bial capacul \u0219i ad\u0103uga\u021bi continutul plicului.<br \/>\n2. Se toarn\u0103 ap\u0103 clocotit\u0103 pentru a umple linia interioar\u0103.<br \/>\n3. Acoperi\u021bi capacul \u0219i a\u0219tepta\u021bi 3 minute.<\/p>","protected":false},"excerpt":{"rendered":"<p>Terci de orez cu arome de pui.<\/p>","protected":false},"featured_media":7783,"template":"","meta":[],"product_brand":[],"product_cat":[40,106],"product_tag":[84,216,213,225],"berocket_brand":[93],"class_list":{"0":"post-7659","1":"product","2":"type-product","3":"status-publish","4":"has-post-thumbnail","6":"product_cat-tailanda","7":"product_cat-taitei","8":"product_tag-instant","9":"product_tag-mama","10":"product_tag-orez","11":"product_tag-pui","12":"berocket_brand-mama","14":"first","15":"outofstock","16":"taxable","17":"shipping-taxable","18":"purchasable","19":"product-type-simple"},"_links":{"self":[{"href":"https:\/\/pretasouper.com\/en\/wp-json\/wp\/v2\/product\/7659","targetHints":{"allow":["GET"]}}],"collection":[{"href":"https:\/\/pretasouper.com\/en\/wp-json\/wp\/v2\/product"}],"about":[{"href":"https:\/\/pretasouper.com\/en\/wp-json\/wp\/v2\/types\/product"}],"version-history":[{"count":7,"href":"https:\/\/pretasouper.com\/en\/wp-json\/wp\/v2\/product\/7659\/revisions"}],"predecessor-version":[{"id":8381,"href":"https:\/\/pretasouper.com\/en\/wp-json\/wp\/v2\/product\/7659\/revisions\/8381"}],"wp:featuredmedia":[{"embeddable":true,"href":"https:\/\/pretasouper.com\/en\/wp-json\/wp\/v2\/media\/7783"}],"wp:attachment":[{"href":"https:\/\/pretasouper.com\/en\/wp-json\/wp\/v2\/media?parent=7659"}],"wp:term":[{"taxonomy":"product_brand","embeddable":true,"href":"https:\/\/pretasouper.com\/en\/wp-json\/wp\/v2\/product_brand?post=7659"},{"taxonomy":"product_cat","embeddable":true,"href":"https:\/\/pretasouper.com\/en\/wp-json\/wp\/v2\/product_cat?post=7659"},{"taxonomy":"product_tag","embeddable":true,"href":"https:\/\/pretasouper.com\/en\/wp-json\/wp\/v2\/product_tag?post=7659"},{"taxonomy":"berocket_brand","embeddable":true,"href":"https:\/\/pretasouper.com\/en\/wp-json\/wp\/v2\/berocket_brand?post=7659"}],"curies":[{"name":"wp","href":"https:\/\/api.w.org\/{rel}","templated":true}]}}