{"id":7666,"date":"2023-02-24T15:20:45","date_gmt":"2023-02-24T15:20:45","guid":{"rendered":"https:\/\/pretasouper.com\/?post_type=product&#038;p=7666"},"modified":"2024-04-11T21:13:13","modified_gmt":"2024-04-11T21:13:13","slug":"supa-instant-cu-taitei-din-orez-pho-ga-pahar-65g-mama","status":"publish","type":"product","link":"https:\/\/pretasouper.com\/en\/supa\/supa-instant-cu-taitei-din-orez-pho-ga-pahar-65g-mama\/","title":{"rendered":"Instant soup with rice noodles Pho Ga (Glass) 65g \u2013 Mama"},"content":{"rendered":"<p>Ingrediente: F\u0103in\u0103 de orez 72%, sare, amidon modificat de tapioca, zah\u0103r, poten\u021biator de arom\u0103: e621, e635, ulei de soia, ceap\u0103, ulei de palmier, shalota, gr\u00e2u (con\u021bine gluten), condimente cu arom\u0103 de pui 3%, soia, sare, zah\u0103r, amidon de tapioca , gr\u00e2u, arom\u0103), praz uscat, sos de soia pudr\u0103 (extract de soia, ap\u0103, sare, gr\u00e2u (con\u021bine gluten), morcov uscat, pudr\u0103 de eryngo, sos de pe\u0219te (extract de pe\u0219te, ap\u0103, sare)), piper pudr\u0103, arom\u0103, colorant : turmeric.<\/p>","protected":false},"excerpt":{"rendered":"<p>Supa instant Pho Ga cu taitei din orez si aroma de pui.<\/p>","protected":false},"featured_media":7786,"template":"","meta":[],"product_brand":[],"product_cat":[40,106],"product_tag":[84,216,225,83,197,246],"berocket_brand":[93],"class_list":{"0":"post-7666","1":"product","2":"type-product","3":"status-publish","4":"has-post-thumbnail","6":"product_cat-tailanda","7":"product_cat-taitei","8":"product_tag-instant","9":"product_tag-mama","10":"product_tag-pui","11":"product_tag-supa","12":"product_tag-tailanda","13":"product_tag-taitei-din-orez","14":"berocket_brand-mama","16":"first","17":"instock","18":"taxable","19":"shipping-taxable","20":"purchasable","21":"product-type-simple"},"_links":{"self":[{"href":"https:\/\/pretasouper.com\/en\/wp-json\/wp\/v2\/product\/7666","targetHints":{"allow":["GET"]}}],"collection":[{"href":"https:\/\/pretasouper.com\/en\/wp-json\/wp\/v2\/product"}],"about":[{"href":"https:\/\/pretasouper.com\/en\/wp-json\/wp\/v2\/types\/product"}],"version-history":[{"count":3,"href":"https:\/\/pretasouper.com\/en\/wp-json\/wp\/v2\/product\/7666\/revisions"}],"predecessor-version":[{"id":7788,"href":"https:\/\/pretasouper.com\/en\/wp-json\/wp\/v2\/product\/7666\/revisions\/7788"}],"wp:featuredmedia":[{"embeddable":true,"href":"https:\/\/pretasouper.com\/en\/wp-json\/wp\/v2\/media\/7786"}],"wp:attachment":[{"href":"https:\/\/pretasouper.com\/en\/wp-json\/wp\/v2\/media?parent=7666"}],"wp:term":[{"taxonomy":"product_brand","embeddable":true,"href":"https:\/\/pretasouper.com\/en\/wp-json\/wp\/v2\/product_brand?post=7666"},{"taxonomy":"product_cat","embeddable":true,"href":"https:\/\/pretasouper.com\/en\/wp-json\/wp\/v2\/product_cat?post=7666"},{"taxonomy":"product_tag","embeddable":true,"href":"https:\/\/pretasouper.com\/en\/wp-json\/wp\/v2\/product_tag?post=7666"},{"taxonomy":"berocket_brand","embeddable":true,"href":"https:\/\/pretasouper.com\/en\/wp-json\/wp\/v2\/berocket_brand?post=7666"}],"curies":[{"name":"wp","href":"https:\/\/api.w.org\/{rel}","templated":true}]}}