{"id":7669,"date":"2023-02-24T15:24:38","date_gmt":"2023-02-24T15:24:38","guid":{"rendered":"https:\/\/pretasouper.com\/?post_type=product&#038;p=7669"},"modified":"2023-11-01T14:10:24","modified_gmt":"2023-11-01T14:10:24","slug":"supa-instant-cu-taitei-din-orez-pho-bo-pahar-65g-mama","status":"publish","type":"product","link":"https:\/\/pretasouper.com\/en\/supa\/supa-instant-cu-taitei-din-orez-pho-bo-pahar-65g-mama\/","title":{"rendered":"Instant soup with rice noodles Pho Bo (Glass) 65g - Mama"},"content":{"rendered":"<p>Ingrediente: F\u0103in\u0103 de orez 72%, sare, amidon modificat de tapioca, zah\u0103r, condimente artificiale cu arom\u0103 de vit\u0103 3% (maltodextrin\u0103, extract de ceap\u0103, extract de usturoi, sare, ulei de soia, ulei de nuc\u0103 de cocos, arom\u0103), ulei de soia, poten\u021biatori de arom\u0103: monoglutamat, ribonucleotide, ceap\u0103, ulei de palmier, sos de soia pudr\u0103 (extract de soia, ap\u0103, sare, gr\u00e2u (con\u021bine gluten)), protein\u0103 din soia (soia, ulei de palmier, cacao), ceap\u0103 verde uscat\u0103, morcov uscat, frunze de coriandru, sos de peste (extract de pe\u0219te, sare, zah\u0103r), pudr\u0103 de ardei iute, culoare: caramel, pudr\u0103 de piper, pudr\u0103 de usturoi, arom\u0103 de frunze de busuioc.<\/p>","protected":false},"excerpt":{"rendered":"<p>Supa instant Pho Bo cu taitei din orez si aroma de vita.<\/p>","protected":false},"featured_media":7790,"template":"","meta":[],"product_brand":[],"product_cat":[105,40],"product_tag":[84,216,83,197,246,205],"berocket_brand":[93],"class_list":{"0":"post-7669","1":"product","2":"type-product","3":"status-publish","4":"has-post-thumbnail","6":"product_cat-orez","7":"product_cat-tailanda","8":"product_tag-instant","9":"product_tag-mama","10":"product_tag-supa","11":"product_tag-tailanda","12":"product_tag-taitei-din-orez","13":"product_tag-vita","14":"berocket_brand-mama","16":"first","17":"instock","18":"taxable","19":"shipping-taxable","20":"purchasable","21":"product-type-simple"},"_links":{"self":[{"href":"https:\/\/pretasouper.com\/en\/wp-json\/wp\/v2\/product\/7669","targetHints":{"allow":["GET"]}}],"collection":[{"href":"https:\/\/pretasouper.com\/en\/wp-json\/wp\/v2\/product"}],"about":[{"href":"https:\/\/pretasouper.com\/en\/wp-json\/wp\/v2\/types\/product"}],"version-history":[{"count":2,"href":"https:\/\/pretasouper.com\/en\/wp-json\/wp\/v2\/product\/7669\/revisions"}],"predecessor-version":[{"id":7791,"href":"https:\/\/pretasouper.com\/en\/wp-json\/wp\/v2\/product\/7669\/revisions\/7791"}],"wp:featuredmedia":[{"embeddable":true,"href":"https:\/\/pretasouper.com\/en\/wp-json\/wp\/v2\/media\/7790"}],"wp:attachment":[{"href":"https:\/\/pretasouper.com\/en\/wp-json\/wp\/v2\/media?parent=7669"}],"wp:term":[{"taxonomy":"product_brand","embeddable":true,"href":"https:\/\/pretasouper.com\/en\/wp-json\/wp\/v2\/product_brand?post=7669"},{"taxonomy":"product_cat","embeddable":true,"href":"https:\/\/pretasouper.com\/en\/wp-json\/wp\/v2\/product_cat?post=7669"},{"taxonomy":"product_tag","embeddable":true,"href":"https:\/\/pretasouper.com\/en\/wp-json\/wp\/v2\/product_tag?post=7669"},{"taxonomy":"berocket_brand","embeddable":true,"href":"https:\/\/pretasouper.com\/en\/wp-json\/wp\/v2\/berocket_brand?post=7669"}],"curies":[{"name":"wp","href":"https:\/\/api.w.org\/{rel}","templated":true}]}}