{"id":7802,"date":"2023-02-27T11:17:23","date_gmt":"2023-02-27T11:17:23","guid":{"rendered":"https:\/\/pretasouper.com\/?post_type=product&#038;p=7802"},"modified":"2024-04-16T11:38:11","modified_gmt":"2024-04-16T11:38:11","slug":"supa-instant-cu-pui-picant-90g-mama","status":"publish","type":"product","link":"https:\/\/pretasouper.com\/en\/supa\/supa-instant-cu-pui-picant-90g-mama\/","title":{"rendered":"Instant soup with spicy chicken 90g - Mama"},"content":{"rendered":"<p>Ingrediente: F\u0103in\u0103 de gr\u00e2u 70%, ulei de palmier, amidon de tapioca modificat, sare, zah\u0103r, condimente, poten\u021biator de arom\u0103: E621, E635, pudr\u0103 de ardei iute, colorant (caramel simplu), ceap\u0103 de prim\u0103var\u0103 uscat\u0103, acid citric, regulator de aciditate: E500, E501, E451, agent de \u00eengro\u0219are: E466, sos de soia (soia, ap\u0103, sare), arom\u0103 0,01%<\/p>","protected":false},"excerpt":{"rendered":"<p>Supa instant cu aroma de pui picant.<\/p>","protected":false},"featured_media":7804,"template":"","meta":[],"product_brand":[],"product_cat":[40,106],"product_tag":[190,84,216,225,197,183],"berocket_brand":[93],"class_list":{"0":"post-7802","1":"product","2":"type-product","3":"status-publish","4":"has-post-thumbnail","6":"product_cat-tailanda","7":"product_cat-taitei","8":"product_tag-hot","9":"product_tag-instant","10":"product_tag-mama","11":"product_tag-pui","12":"product_tag-tailanda","13":"product_tag-taitei","14":"berocket_brand-mama","16":"first","17":"instock","18":"taxable","19":"shipping-taxable","20":"purchasable","21":"product-type-simple"},"_links":{"self":[{"href":"https:\/\/pretasouper.com\/en\/wp-json\/wp\/v2\/product\/7802","targetHints":{"allow":["GET"]}}],"collection":[{"href":"https:\/\/pretasouper.com\/en\/wp-json\/wp\/v2\/product"}],"about":[{"href":"https:\/\/pretasouper.com\/en\/wp-json\/wp\/v2\/types\/product"}],"version-history":[{"count":2,"href":"https:\/\/pretasouper.com\/en\/wp-json\/wp\/v2\/product\/7802\/revisions"}],"predecessor-version":[{"id":7807,"href":"https:\/\/pretasouper.com\/en\/wp-json\/wp\/v2\/product\/7802\/revisions\/7807"}],"wp:featuredmedia":[{"embeddable":true,"href":"https:\/\/pretasouper.com\/en\/wp-json\/wp\/v2\/media\/7804"}],"wp:attachment":[{"href":"https:\/\/pretasouper.com\/en\/wp-json\/wp\/v2\/media?parent=7802"}],"wp:term":[{"taxonomy":"product_brand","embeddable":true,"href":"https:\/\/pretasouper.com\/en\/wp-json\/wp\/v2\/product_brand?post=7802"},{"taxonomy":"product_cat","embeddable":true,"href":"https:\/\/pretasouper.com\/en\/wp-json\/wp\/v2\/product_cat?post=7802"},{"taxonomy":"product_tag","embeddable":true,"href":"https:\/\/pretasouper.com\/en\/wp-json\/wp\/v2\/product_tag?post=7802"},{"taxonomy":"berocket_brand","embeddable":true,"href":"https:\/\/pretasouper.com\/en\/wp-json\/wp\/v2\/berocket_brand?post=7802"}],"curies":[{"name":"wp","href":"https:\/\/api.w.org\/{rel}","templated":true}]}}