{"id":7814,"date":"2023-02-27T11:45:01","date_gmt":"2023-02-27T11:45:01","guid":{"rendered":"https:\/\/pretasouper.com\/?post_type=product&#038;p=7814"},"modified":"2023-11-22T07:59:03","modified_gmt":"2023-11-22T07:59:03","slug":"taitei-instant-din-faina-de-grau-mi-lau-thai-cu-creveti-83g-acecook","status":"publish","type":"product","link":"https:\/\/pretasouper.com\/en\/supa\/taitei-instant-din-faina-de-grau-mi-lau-thai-cu-creveti-83g-acecook\/","title":{"rendered":"Mi Lau Thai wheat flour instant noodles with shrimp 83g - Acecook"},"content":{"rendered":"<p>Ingrediente:<\/p>\n<p>Fidea: f\u0103in\u0103 de gr\u00e2u, ulei de palmier, antioxidant, amidon, zah\u0103r, sare, sos de pe\u0219te, regulatori de aciditate [trifosfa\u021bi, carbona\u021bi de potasiu, carbonat de sodiu], arome de sodiu. Glutamat monosodic [E621]) (78,1%)<\/p>\n<p>Sup\u0103: zah\u0103r, sare, poten\u021biatori de arom\u0103 (glutamat monosodic [E621], glicin\u0103 [E640], inozinat disodic [E631], guanilat disodic [E627]), condimente, pudr\u0103 de pe\u0219te, pudr\u0103 de creve\u021bi (0,3%), colorant (Caramel [E150D]), Regulatori de aciditate (acid citric [E330]) (9%)<\/p>\n<p>Ulei: Ulei vegetal (ulei de palmier, antioxidanti [hidroxianisol butilat, hidroxitoluen butilat]), condimente, sare, arom\u0103 artificial\u0103 de l\u0103m\u00e2ie, regulator de aciditate (acid citric [E330]), zah\u0103r, colorant (extract de boia de ardei [E160c]) (3,9%)<\/p>\n<p>Legume: Creve\u021bi usca\u021bi (Parapenaeopsis, Color [Extract de boia]) (0,6%), E\u0219al\u0103 uscat\u0103 (Coloarea [Extract de boia]), Ceap\u0103 verde uscat\u0103, coriandru uscat (1,4%)<\/p>\n<p>Past\u0103 de sup\u0103: lichid de tamarind, sare, zah\u0103r, regulator de aciditate (acid citric [E330]) (7,6%)<\/p>\n","protected":false},"excerpt":{"rendered":"<p>Instant soup with wheat flour noodles with shrimp flavor.<\/p>","protected":false},"featured_media":7818,"template":"","meta":[],"product_brand":[],"product_cat":[109,91],"product_tag":[215,84,183,232,252],"berocket_brand":[328],"class_list":{"0":"post-7814","1":"product","2":"type-product","3":"status-publish","4":"has-post-thumbnail","6":"product_cat-fainuri-tempurapanko-condimenteierburi","7":"product_cat-vietnam","8":"product_tag-creveti","9":"product_tag-instant","10":"product_tag-taitei","11":"product_tag-tom-yum","12":"product_tag-vietnam","13":"berocket_brand-acecook","15":"first","16":"outofstock","17":"taxable","18":"shipping-taxable","19":"purchasable","20":"product-type-simple"},"_links":{"self":[{"href":"https:\/\/pretasouper.com\/en\/wp-json\/wp\/v2\/product\/7814","targetHints":{"allow":["GET"]}}],"collection":[{"href":"https:\/\/pretasouper.com\/en\/wp-json\/wp\/v2\/product"}],"about":[{"href":"https:\/\/pretasouper.com\/en\/wp-json\/wp\/v2\/types\/product"}],"version-history":[{"count":1,"href":"https:\/\/pretasouper.com\/en\/wp-json\/wp\/v2\/product\/7814\/revisions"}],"predecessor-version":[{"id":7819,"href":"https:\/\/pretasouper.com\/en\/wp-json\/wp\/v2\/product\/7814\/revisions\/7819"}],"wp:featuredmedia":[{"embeddable":true,"href":"https:\/\/pretasouper.com\/en\/wp-json\/wp\/v2\/media\/7818"}],"wp:attachment":[{"href":"https:\/\/pretasouper.com\/en\/wp-json\/wp\/v2\/media?parent=7814"}],"wp:term":[{"taxonomy":"product_brand","embeddable":true,"href":"https:\/\/pretasouper.com\/en\/wp-json\/wp\/v2\/product_brand?post=7814"},{"taxonomy":"product_cat","embeddable":true,"href":"https:\/\/pretasouper.com\/en\/wp-json\/wp\/v2\/product_cat?post=7814"},{"taxonomy":"product_tag","embeddable":true,"href":"https:\/\/pretasouper.com\/en\/wp-json\/wp\/v2\/product_tag?post=7814"},{"taxonomy":"berocket_brand","embeddable":true,"href":"https:\/\/pretasouper.com\/en\/wp-json\/wp\/v2\/berocket_brand?post=7814"}],"curies":[{"name":"wp","href":"https:\/\/api.w.org\/{rel}","templated":true}]}}