{"id":7821,"date":"2023-02-27T11:46:15","date_gmt":"2023-02-27T11:46:15","guid":{"rendered":"https:\/\/pretasouper.com\/?post_type=product&#038;p=7821"},"modified":"2023-02-27T11:53:56","modified_gmt":"2023-02-27T11:53:56","slug":"taitei-instant-din-faina-de-grau-mi-lau-thai-cu-pui-78g-acecook","status":"publish","type":"product","link":"https:\/\/pretasouper.com\/en\/supa\/taitei-instant-din-faina-de-grau-mi-lau-thai-cu-pui-78g-acecook\/","title":{"rendered":"Mi Lau Thai instant wheat flour noodles with chicken 78g - Acecook"},"content":{"rendered":"<p>Ingrediente:<\/p>\n<p>Fidea (82,8%): f\u0103in\u0103 de gr\u00e2u, ulei de palmier, antioxidan\u021bi, amidon, zah\u0103r, sare, sos de pe\u0219te, regulatori de aciditate [trifosfa\u021bi, carbona\u021bi de potasiu, carbonat de sodiu]) , amplificator de arom\u0103 (glutamat monosodic [E621]).<\/p>\n<p>Sup\u0103 (12,1%): zah\u0103r, sare, poten\u021biatori de arom\u0103 (glutamat monosodic [E621], glicin\u0103 [E640], inozinat disodic [E631], guanilat disodic [E627]), condimente, arom\u0103 artificial\u0103 de pui (0,1%) (orz, lapte ), colorant (caramel simplu [E150a]), regulatori de aciditate (acid citric [E330]), agent antiaglomerant (dioxid de siliciu [E551]), pudr\u0103 de sos de soia (gr\u00e2u, boabe de soia), stabilizator (gum\u0103 guar [E412]) , Caroteni (E160a).<\/p>\n<p>Ulei (4,3%): Ulei vegetal (ulei de palm\u0103, antioxidan\u021bi [hidroxianisol butilat, hidroxitoluen butilat]), condimente, sare, arom\u0103 natural\u0103 de l\u0103m\u00e2ie, arom\u0103 artificial\u0103 de pui (0,02%), colorant (caroteni [E160a]).<\/p>\n<p>Legum\u0103 (0,5%): ceap\u0103 verde uscata, coriandru uscat.<\/p>\n<p>Plic de condimente (0,3%): Condimente.<\/p>\n<p>&nbsp;<\/p>\n","protected":false},"excerpt":{"rendered":"<p>Supa instant cu taitei din faina de grau cu aroma de pui.<\/p>","protected":false},"featured_media":7823,"template":"","meta":[],"product_brand":[],"product_cat":[106,91],"product_tag":[84,225,183,232,252],"berocket_brand":[328],"class_list":{"0":"post-7821","1":"product","2":"type-product","3":"status-publish","4":"has-post-thumbnail","6":"product_cat-taitei","7":"product_cat-vietnam","8":"product_tag-instant","9":"product_tag-pui","10":"product_tag-taitei","11":"product_tag-tom-yum","12":"product_tag-vietnam","13":"berocket_brand-acecook","15":"first","16":"outofstock","17":"taxable","18":"shipping-taxable","19":"purchasable","20":"product-type-simple"},"_links":{"self":[{"href":"https:\/\/pretasouper.com\/en\/wp-json\/wp\/v2\/product\/7821","targetHints":{"allow":["GET"]}}],"collection":[{"href":"https:\/\/pretasouper.com\/en\/wp-json\/wp\/v2\/product"}],"about":[{"href":"https:\/\/pretasouper.com\/en\/wp-json\/wp\/v2\/types\/product"}],"version-history":[{"count":2,"href":"https:\/\/pretasouper.com\/en\/wp-json\/wp\/v2\/product\/7821\/revisions"}],"predecessor-version":[{"id":8111,"href":"https:\/\/pretasouper.com\/en\/wp-json\/wp\/v2\/product\/7821\/revisions\/8111"}],"wp:featuredmedia":[{"embeddable":true,"href":"https:\/\/pretasouper.com\/en\/wp-json\/wp\/v2\/media\/7823"}],"wp:attachment":[{"href":"https:\/\/pretasouper.com\/en\/wp-json\/wp\/v2\/media?parent=7821"}],"wp:term":[{"taxonomy":"product_brand","embeddable":true,"href":"https:\/\/pretasouper.com\/en\/wp-json\/wp\/v2\/product_brand?post=7821"},{"taxonomy":"product_cat","embeddable":true,"href":"https:\/\/pretasouper.com\/en\/wp-json\/wp\/v2\/product_cat?post=7821"},{"taxonomy":"product_tag","embeddable":true,"href":"https:\/\/pretasouper.com\/en\/wp-json\/wp\/v2\/product_tag?post=7821"},{"taxonomy":"berocket_brand","embeddable":true,"href":"https:\/\/pretasouper.com\/en\/wp-json\/wp\/v2\/berocket_brand?post=7821"}],"curies":[{"name":"wp","href":"https:\/\/api.w.org\/{rel}","templated":true}]}}