{"id":7826,"date":"2023-02-27T11:54:48","date_gmt":"2023-02-27T11:54:48","guid":{"rendered":"https:\/\/pretasouper.com\/?post_type=product&#038;p=7826"},"modified":"2023-11-06T12:34:00","modified_gmt":"2023-11-06T12:34:00","slug":"taitei-instant-mi-goreng-hao-hao-cu-creveti-si-ceapa-76g-acecook","status":"publish","type":"product","link":"https:\/\/pretasouper.com\/en\/supa\/taitei-instant-mi-goreng-hao-hao-cu-creveti-si-ceapa-76g-acecook\/","title":{"rendered":"Mi Goreng Hao Hao instant noodles with shrimp and onion 76g - Acecook"},"content":{"rendered":"<p>Ingrediente: Fidea: f\u0103in\u0103 de gr\u00e2u, ulei de palmier, antioxidan\u021bi, amidon, sare, zah\u0103r, extract, pe\u0219te, poten\u021biator de arom\u0103, carbonat, potasiu, condimente, colorant, condimente.<\/p>","protected":false},"excerpt":{"rendered":"<p>Supa instant cu taitei din faina de grau cu aroma de creveti si ceapa.<\/p>","protected":false},"featured_media":7827,"template":"","meta":[],"product_brand":[],"product_cat":[109,91],"product_tag":[226,215,84,183,232,252],"berocket_brand":[328],"class_list":{"0":"post-7826","1":"product","2":"type-product","3":"status-publish","4":"has-post-thumbnail","6":"product_cat-fainuri-tempurapanko-condimenteierburi","7":"product_cat-vietnam","8":"product_tag-ceapa","9":"product_tag-creveti","10":"product_tag-instant","11":"product_tag-taitei","12":"product_tag-tom-yum","13":"product_tag-vietnam","14":"berocket_brand-acecook","16":"first","17":"outofstock","18":"taxable","19":"shipping-taxable","20":"purchasable","21":"product-type-simple"},"_links":{"self":[{"href":"https:\/\/pretasouper.com\/en\/wp-json\/wp\/v2\/product\/7826","targetHints":{"allow":["GET"]}}],"collection":[{"href":"https:\/\/pretasouper.com\/en\/wp-json\/wp\/v2\/product"}],"about":[{"href":"https:\/\/pretasouper.com\/en\/wp-json\/wp\/v2\/types\/product"}],"version-history":[{"count":1,"href":"https:\/\/pretasouper.com\/en\/wp-json\/wp\/v2\/product\/7826\/revisions"}],"predecessor-version":[{"id":7828,"href":"https:\/\/pretasouper.com\/en\/wp-json\/wp\/v2\/product\/7826\/revisions\/7828"}],"wp:featuredmedia":[{"embeddable":true,"href":"https:\/\/pretasouper.com\/en\/wp-json\/wp\/v2\/media\/7827"}],"wp:attachment":[{"href":"https:\/\/pretasouper.com\/en\/wp-json\/wp\/v2\/media?parent=7826"}],"wp:term":[{"taxonomy":"product_brand","embeddable":true,"href":"https:\/\/pretasouper.com\/en\/wp-json\/wp\/v2\/product_brand?post=7826"},{"taxonomy":"product_cat","embeddable":true,"href":"https:\/\/pretasouper.com\/en\/wp-json\/wp\/v2\/product_cat?post=7826"},{"taxonomy":"product_tag","embeddable":true,"href":"https:\/\/pretasouper.com\/en\/wp-json\/wp\/v2\/product_tag?post=7826"},{"taxonomy":"berocket_brand","embeddable":true,"href":"https:\/\/pretasouper.com\/en\/wp-json\/wp\/v2\/berocket_brand?post=7826"}],"curies":[{"name":"wp","href":"https:\/\/api.w.org\/{rel}","templated":true}]}}