{"id":7830,"date":"2023-02-27T12:01:47","date_gmt":"2023-02-27T12:01:47","guid":{"rendered":"https:\/\/pretasouper.com\/?post_type=product&#038;p=7830"},"modified":"2023-02-27T14:01:56","modified_gmt":"2023-02-27T14:01:56","slug":"taitei-instant-hao-hao-cu-legume-75g-acecook","status":"publish","type":"product","link":"https:\/\/pretasouper.com\/en\/supa\/taitei-instant-hao-hao-cu-legume-75g-acecook\/","title":{"rendered":"Hao Hao instant noodles with vegetables 75g \u2013 Acecook"},"content":{"rendered":"<p>Ingredients:<\/p>\n<p>Fidea (90,1%): f\u0103in\u0103 de gr\u00e2u, ulei de palmier, antioxidan\u021bi (hidroxianisol butilat (E320), hidroxitoluen butilat (E321))), amidon, sare, zah\u0103r, regulatori de aciditate (trifosfa\u021bi (E451), carbona\u021bi de potasiu (E501), Carbona\u021bi de sodiu (E500)), Amplificator de arom\u0103 (glutamat monosodic (E621)).<\/p>\n<p>Baza de supa (7,1%): sare, zahar, amidon, poten\u021biatori de arom\u0103 (glutamat monosodic (E621), glicin\u0103 (E640), inozinat disodic (E631), guanilat disodic (E627), condimente, praz uscat, arom\u0103 de legume artificiale (\u021belin\u0103). , coriandru, m\u0103rar), colorant (caramel sulfit amoniac (E150d)), regulator de aciditate (acid citric (E330)), ulei vegetal (ulei de palmier\u0103, antioxidanti (hidroxianisol butilat (E320), hidroxitoluen butilat (E321))), sos de soia Pulbere (gr\u00e2u, soia), extract de drojdie.<\/p>\n<p>Pachet de ulei (3,1%): ulei vegetal (ulei de palmier\u0103, antioxidan\u021bi (hidroxianisol butilat (E320), hidroxitoluen butilat (E321))), lichid din extract de soia, sare, colorant (extract de boia de ardei (E160a)), condimente.<\/p>","protected":false},"excerpt":{"rendered":"<p>Supa instant cu taitei din faina de grau cu legume.<\/p>","protected":false},"featured_media":7831,"template":"","meta":[],"product_brand":[],"product_cat":[108,91],"product_tag":[84,208,183,252],"berocket_brand":[328],"class_list":{"0":"post-7830","1":"product","2":"type-product","3":"status-publish","4":"has-post-thumbnail","6":"product_cat-sosuri","7":"product_cat-vietnam","8":"product_tag-instant","9":"product_tag-legume","10":"product_tag-taitei","11":"product_tag-vietnam","12":"berocket_brand-acecook","14":"first","15":"outofstock","16":"taxable","17":"shipping-taxable","18":"purchasable","19":"product-type-simple"},"_links":{"self":[{"href":"https:\/\/pretasouper.com\/en\/wp-json\/wp\/v2\/product\/7830","targetHints":{"allow":["GET"]}}],"collection":[{"href":"https:\/\/pretasouper.com\/en\/wp-json\/wp\/v2\/product"}],"about":[{"href":"https:\/\/pretasouper.com\/en\/wp-json\/wp\/v2\/types\/product"}],"version-history":[{"count":1,"href":"https:\/\/pretasouper.com\/en\/wp-json\/wp\/v2\/product\/7830\/revisions"}],"predecessor-version":[{"id":7832,"href":"https:\/\/pretasouper.com\/en\/wp-json\/wp\/v2\/product\/7830\/revisions\/7832"}],"wp:featuredmedia":[{"embeddable":true,"href":"https:\/\/pretasouper.com\/en\/wp-json\/wp\/v2\/media\/7831"}],"wp:attachment":[{"href":"https:\/\/pretasouper.com\/en\/wp-json\/wp\/v2\/media?parent=7830"}],"wp:term":[{"taxonomy":"product_brand","embeddable":true,"href":"https:\/\/pretasouper.com\/en\/wp-json\/wp\/v2\/product_brand?post=7830"},{"taxonomy":"product_cat","embeddable":true,"href":"https:\/\/pretasouper.com\/en\/wp-json\/wp\/v2\/product_cat?post=7830"},{"taxonomy":"product_tag","embeddable":true,"href":"https:\/\/pretasouper.com\/en\/wp-json\/wp\/v2\/product_tag?post=7830"},{"taxonomy":"berocket_brand","embeddable":true,"href":"https:\/\/pretasouper.com\/en\/wp-json\/wp\/v2\/berocket_brand?post=7830"}],"curies":[{"name":"wp","href":"https:\/\/api.w.org\/{rel}","templated":true}]}}