{"id":7834,"date":"2023-02-27T12:09:12","date_gmt":"2023-02-27T12:09:12","guid":{"rendered":"https:\/\/pretasouper.com\/?post_type=product&#038;p=7834"},"modified":"2024-04-16T11:37:49","modified_gmt":"2024-04-16T11:37:49","slug":"taitei-instant-din-faina-de-grau-hao-hao-cu-creveti-77g-acecook","status":"publish","type":"product","link":"https:\/\/pretasouper.com\/en\/supa\/taitei-instant-din-faina-de-grau-hao-hao-cu-creveti-77g-acecook\/","title":{"rendered":"Hao Hao wheat flour instant noodles with shrimps 77g - Acecook"},"content":{"rendered":"<p>Ingrediente:<\/p>\n<p>Fidea (87,4%): f\u0103in\u0103 de gr\u00e2u, ulei de palmier, antioxidan\u021bi [hidroxianisol butilat {E320}, hidroxitoluen butilat {E321}]), amidon, sare, zah\u0103r, sos de pe\u0219te, poten\u021biator de arom\u0103 (monosodiu Glutamat) E621]), Regulatori de aciditate (trifosfat [E451], carbonat de potasiu [E501], carbonat de sodiu [E500]).<br \/>\nSup\u0103 (9,6%): zah\u0103r, sare, condimente, poten\u021biatori de arom\u0103 (glutamat monosodic [E621], inozinat disodic [E631], guanilat disodic [E627]), regulator de aciditate (acid citric [E330]), pudr\u0103 de creve\u021bi (ace\u021bi) ( 0,3%), ceap\u0103 de prim\u0103var\u0103 uscat\u0103.<br \/>\nUlei (3,0%): ulei vegetal (ulei de palmier\u0103, antioxidan\u021bi [hidroxianisol butilat {E320}, hidroxitoluen butilat {E321}]), condimente, sos de pe\u0219te, sare, arom\u0103 de usturoi artificial, colorant (caroten [E160a] ).<\/p>\n","protected":false},"excerpt":{"rendered":"<p>Instant soup with wheat flour noodles with shrimp flavor.<\/p>","protected":false},"featured_media":7835,"template":"","meta":[],"product_brand":[],"product_cat":[109,91],"product_tag":[215,84,183,232,252],"berocket_brand":[328],"class_list":{"0":"post-7834","1":"product","2":"type-product","3":"status-publish","4":"has-post-thumbnail","6":"product_cat-fainuri-tempurapanko-condimenteierburi","7":"product_cat-vietnam","8":"product_tag-creveti","9":"product_tag-instant","10":"product_tag-taitei","11":"product_tag-tom-yum","12":"product_tag-vietnam","13":"berocket_brand-acecook","15":"first","16":"outofstock","17":"taxable","18":"shipping-taxable","19":"purchasable","20":"product-type-simple"},"_links":{"self":[{"href":"https:\/\/pretasouper.com\/en\/wp-json\/wp\/v2\/product\/7834","targetHints":{"allow":["GET"]}}],"collection":[{"href":"https:\/\/pretasouper.com\/en\/wp-json\/wp\/v2\/product"}],"about":[{"href":"https:\/\/pretasouper.com\/en\/wp-json\/wp\/v2\/types\/product"}],"version-history":[{"count":2,"href":"https:\/\/pretasouper.com\/en\/wp-json\/wp\/v2\/product\/7834\/revisions"}],"predecessor-version":[{"id":7837,"href":"https:\/\/pretasouper.com\/en\/wp-json\/wp\/v2\/product\/7834\/revisions\/7837"}],"wp:featuredmedia":[{"embeddable":true,"href":"https:\/\/pretasouper.com\/en\/wp-json\/wp\/v2\/media\/7835"}],"wp:attachment":[{"href":"https:\/\/pretasouper.com\/en\/wp-json\/wp\/v2\/media?parent=7834"}],"wp:term":[{"taxonomy":"product_brand","embeddable":true,"href":"https:\/\/pretasouper.com\/en\/wp-json\/wp\/v2\/product_brand?post=7834"},{"taxonomy":"product_cat","embeddable":true,"href":"https:\/\/pretasouper.com\/en\/wp-json\/wp\/v2\/product_cat?post=7834"},{"taxonomy":"product_tag","embeddable":true,"href":"https:\/\/pretasouper.com\/en\/wp-json\/wp\/v2\/product_tag?post=7834"},{"taxonomy":"berocket_brand","embeddable":true,"href":"https:\/\/pretasouper.com\/en\/wp-json\/wp\/v2\/berocket_brand?post=7834"}],"curies":[{"name":"wp","href":"https:\/\/api.w.org\/{rel}","templated":true}]}}