{"id":7838,"date":"2023-02-27T13:56:38","date_gmt":"2023-02-27T13:56:38","guid":{"rendered":"https:\/\/pretasouper.com\/?post_type=product&#038;p=7838"},"modified":"2023-07-12T08:53:55","modified_gmt":"2023-07-12T08:53:55","slug":"taitei-instant-din-faina-de-grau-hao-hao-cu-creveti-77g-acecook-2","status":"publish","type":"product","link":"https:\/\/pretasouper.com\/en\/supa\/taitei-instant-din-faina-de-grau-hao-hao-cu-creveti-77g-acecook-2\/","title":{"rendered":"Hao Hao wheat flour instant noodles with chicken 74g - Acecook"},"content":{"rendered":"<p>Ingrediente:<\/p>\n<p>Fidea (87,4%): f\u0103in\u0103 de gr\u00e2u, ulei de palmier, antioxidan\u021bi [hidroxianisol butilat {E320}, hidroxitoluen butilat {E321}]), amidon, sare, zah\u0103r, sos de pe\u0219te, poten\u021biator de arom\u0103 (monosodiu Glutamat) E621]), Regulatori de aciditate (trifosfat [E451], carbonat de potasiu [E501], carbonat de sodiu [E500]).Sup\u0103 (9,6%): zah\u0103r, sare, condimente, poten\u021biatori de arom\u0103 (glutamat monosodic [E621], inozinat disodic [E631], guanilat disodic [E627]), regulator de aciditate (acid citric [E330]), pudr\u0103 de creve\u021bi (ace\u021bi) ( 0,3%), ceap\u0103 de prim\u0103var\u0103 uscat\u0103.<br \/>\nBaz\u0103 de sup\u0103 (6,3%): sare, zah\u0103r, poten\u021biatori de arom\u0103 (glutamat monosodic [E621], glicin\u0103 [E640], inozinat disodic [E631], guanilat disodic [E627]), condimente, amidon, colorant (caramel sulfit amoniac [E150] ), ceap\u0103 de prim\u0103var\u0103 uscat\u0103, ulei vegetal (ulei de palmier, antioxidan\u021bi [hidroxianisol butilat {E320}, hidroxitoluen butilat {E321}]), pudr\u0103 de sos de soia (gr\u00e2u, soia), extract de drojdie, agent antiaglomerant (dioxid de siliciu [E551]), artificial Arom\u0103 de pui (orz, lapte) (0,01%).<\/p>\n<p>Pachet de ulei (2,2%): Ulei vegetal (ulei de palmier, antioxidanti [hidroxianisol butilat {E320}, hidroxitoluen butilat {E321}]), condiment, colorant (extract de boia [E160c]).<\/p>\n","protected":false},"excerpt":{"rendered":"<p>Supa instant cu taitei din faina de grau cu aroma de pui.<\/p>","protected":false},"featured_media":7839,"template":"","meta":[],"product_brand":[],"product_cat":[106,91],"product_tag":[84,225,183,252],"berocket_brand":[328],"class_list":{"0":"post-7838","1":"product","2":"type-product","3":"status-publish","4":"has-post-thumbnail","6":"product_cat-taitei","7":"product_cat-vietnam","8":"product_tag-instant","9":"product_tag-pui","10":"product_tag-taitei","11":"product_tag-vietnam","12":"berocket_brand-acecook","14":"first","15":"outofstock","16":"taxable","17":"shipping-taxable","18":"purchasable","19":"product-type-simple"},"_links":{"self":[{"href":"https:\/\/pretasouper.com\/en\/wp-json\/wp\/v2\/product\/7838","targetHints":{"allow":["GET"]}}],"collection":[{"href":"https:\/\/pretasouper.com\/en\/wp-json\/wp\/v2\/product"}],"about":[{"href":"https:\/\/pretasouper.com\/en\/wp-json\/wp\/v2\/types\/product"}],"version-history":[{"count":3,"href":"https:\/\/pretasouper.com\/en\/wp-json\/wp\/v2\/product\/7838\/revisions"}],"predecessor-version":[{"id":8218,"href":"https:\/\/pretasouper.com\/en\/wp-json\/wp\/v2\/product\/7838\/revisions\/8218"}],"wp:featuredmedia":[{"embeddable":true,"href":"https:\/\/pretasouper.com\/en\/wp-json\/wp\/v2\/media\/7839"}],"wp:attachment":[{"href":"https:\/\/pretasouper.com\/en\/wp-json\/wp\/v2\/media?parent=7838"}],"wp:term":[{"taxonomy":"product_brand","embeddable":true,"href":"https:\/\/pretasouper.com\/en\/wp-json\/wp\/v2\/product_brand?post=7838"},{"taxonomy":"product_cat","embeddable":true,"href":"https:\/\/pretasouper.com\/en\/wp-json\/wp\/v2\/product_cat?post=7838"},{"taxonomy":"product_tag","embeddable":true,"href":"https:\/\/pretasouper.com\/en\/wp-json\/wp\/v2\/product_tag?post=7838"},{"taxonomy":"berocket_brand","embeddable":true,"href":"https:\/\/pretasouper.com\/en\/wp-json\/wp\/v2\/berocket_brand?post=7838"}],"curies":[{"name":"wp","href":"https:\/\/api.w.org\/{rel}","templated":true}]}}