{"id":7844,"date":"2023-02-27T14:07:20","date_gmt":"2023-02-27T14:07:20","guid":{"rendered":"https:\/\/pretasouper.com\/?post_type=product&#038;p=7844"},"modified":"2025-12-22T17:21:15","modified_gmt":"2025-12-22T17:21:15","slug":"taitei-instant-din-orez-pho-ga-71g-acecook","status":"publish","type":"product","link":"https:\/\/pretasouper.com\/en\/supa\/taitei-instant-din-orez-pho-ga-71g-acecook\/","title":{"rendered":"Pho Ga instant rice noodles 71g \u2013 Acecook"},"content":{"rendered":"<p>Ingredients:<\/p>\n<p>Fidea de orez: (75,5%): orez (62,8%), agent de \u00eengro\u0219are (amidon oxidat (E1404)), amidon, sare, emulgatori (lecitin\u0103 de soia (E322), carboxi metil celuloz\u0103 de sodiu (E466)).<\/p>\n<p>Sup\u0103 (14,1%): zah\u0103r, sare, condimente, amidon, poten\u021biatori de arome (glutamat monosodic (E621), inozinat disodic (E631), guanilat disodic (E627), arom\u0103 artificial\u0103 de pui (orz, lapte) (0,7%), extract de drojdie , Pudr\u0103 de sos de soia (gr\u00e2u, soia), agent antiaglomerant (dioxid de siliciu (E551), regulator de aciditate (acid citric (E330)), ulei vegetal (ulei de palmier, antioxidanti (hidroxianisol butilat (E320), hidroxitoluen butilat (E321)).<\/p>\n<p>Ulei (8,7%): Ulei vegetal (ulei de palm\u0103, antioxidan\u021bi, arom\u0103 artificial\u0103 de pui (0,1%), colorant (caroten (E160a), condimente.<\/p>\n<p>Legume (1,7%): Proteine \u200b\u200bdin gr\u00e2u (culoare (amoniac caramel (E150c))), ceap\u0103 de prim\u0103var\u0103 uscat\u0103, coriandru uscat.<\/p>","protected":false},"excerpt":{"rendered":"<p>Supa instant cu taitei din orez si aroma de pui.<\/p>","protected":false},"featured_media":7845,"template":"","meta":[],"product_brand":[],"product_cat":[106,91],"product_tag":[84,225,246,252],"berocket_brand":[328],"class_list":{"0":"post-7844","1":"product","2":"type-product","3":"status-publish","4":"has-post-thumbnail","6":"product_cat-taitei","7":"product_cat-vietnam","8":"product_tag-instant","9":"product_tag-pui","10":"product_tag-taitei-din-orez","11":"product_tag-vietnam","12":"berocket_brand-acecook","14":"first","15":"instock","16":"taxable","17":"shipping-taxable","18":"purchasable","19":"product-type-simple"},"_links":{"self":[{"href":"https:\/\/pretasouper.com\/en\/wp-json\/wp\/v2\/product\/7844","targetHints":{"allow":["GET"]}}],"collection":[{"href":"https:\/\/pretasouper.com\/en\/wp-json\/wp\/v2\/product"}],"about":[{"href":"https:\/\/pretasouper.com\/en\/wp-json\/wp\/v2\/types\/product"}],"version-history":[{"count":2,"href":"https:\/\/pretasouper.com\/en\/wp-json\/wp\/v2\/product\/7844\/revisions"}],"predecessor-version":[{"id":7847,"href":"https:\/\/pretasouper.com\/en\/wp-json\/wp\/v2\/product\/7844\/revisions\/7847"}],"wp:featuredmedia":[{"embeddable":true,"href":"https:\/\/pretasouper.com\/en\/wp-json\/wp\/v2\/media\/7845"}],"wp:attachment":[{"href":"https:\/\/pretasouper.com\/en\/wp-json\/wp\/v2\/media?parent=7844"}],"wp:term":[{"taxonomy":"product_brand","embeddable":true,"href":"https:\/\/pretasouper.com\/en\/wp-json\/wp\/v2\/product_brand?post=7844"},{"taxonomy":"product_cat","embeddable":true,"href":"https:\/\/pretasouper.com\/en\/wp-json\/wp\/v2\/product_cat?post=7844"},{"taxonomy":"product_tag","embeddable":true,"href":"https:\/\/pretasouper.com\/en\/wp-json\/wp\/v2\/product_tag?post=7844"},{"taxonomy":"berocket_brand","embeddable":true,"href":"https:\/\/pretasouper.com\/en\/wp-json\/wp\/v2\/berocket_brand?post=7844"}],"curies":[{"name":"wp","href":"https:\/\/api.w.org\/{rel}","templated":true}]}}