{"id":7848,"date":"2023-02-27T14:16:56","date_gmt":"2023-02-27T14:16:56","guid":{"rendered":"https:\/\/pretasouper.com\/?post_type=product&#038;p=7848"},"modified":"2024-04-04T16:15:18","modified_gmt":"2024-04-04T16:15:18","slug":"taitei-instant-din-orez-pho-bo-70g-acecook","status":"publish","type":"product","link":"https:\/\/pretasouper.com\/en\/supa\/taitei-instant-din-orez-pho-bo-70g-acecook\/","title":{"rendered":"Pho Bo instant rice noodles 70g \u2013 Acecook"},"content":{"rendered":"<p>Ingredients:<\/p>\n<p>Fidea de orez: (75,5%): orez (62,8%), agent de \u00eengro\u0219are (amidon oxidat (E1404)), amidon, sare, emulgatori (lecitin\u0103 de soia (E322), carboxi metil celuloz\u0103 de sodiu (E466)).<\/p>\n<p>Sup\u0103 (14,1%): zah\u0103r, sare, condimente, amidon, poten\u021biatori de arome (glutamat monosodic (E621), inozinat disodic (E631), guanilat disodic (E627), arom\u0103 artificial\u0103 de pui (orz, lapte) (0,7%), extract de drojdie , Pudr\u0103 de sos de soia (gr\u00e2u, soia), agent antiaglomerant (dioxid de siliciu (E551), regulator de aciditate (acid citric (E330)), ulei vegetal (ulei de palmier, antioxidanti (hidroxianisol butilat (E320), hidroxitoluen butilat (E321)).<\/p>\n<p>Ulei (8,7%): Ulei vegetal (ulei de palm\u0103, antioxidan\u021bi, arom\u0103 artificial\u0103 de pui (0,1%), colorant (caroten (E160a), condimente.<\/p>\n<p>Fidea de orez (76,6%): orez (63,7%), agent de \u00eengro\u0219are (amidon oxidat (E1404)), amidon, sare, emulgatori (lecitin\u0103 de soia (E322), carboxi metil celuloz\u0103 de sodiu (E466)).<\/p>\n<p>Sup\u0103 (11,8%): sare, zah\u0103r, condimente, poten\u021biatori de arom\u0103 (glutamat monosodic (E621), inozinat disodic (E631), guanilat disodic (E627), amidon, extract de drojdie, arom\u0103 artificial\u0103 de pui (orz, lapte), regulator de aciditate (Acid citric (E330)).<\/p>\n<p>Ulei (9,9%): Ulei vegetal (ulei de palm\u0103, antioxidan\u021bi (hidroxianisol butilat (E320), hidroxitoluen butilat (E321))), arom\u0103 artificial\u0103 de carne de vit\u0103 (0,1%). Condiment.<\/p>","protected":false},"excerpt":{"rendered":"<p>Supa instant cu taitei din orez si aroma de vita.<\/p>","protected":false},"featured_media":7849,"template":"","meta":[],"product_brand":[],"product_cat":[105,91],"product_tag":[84,246,252,205],"berocket_brand":[328],"class_list":{"0":"post-7848","1":"product","2":"type-product","3":"status-publish","4":"has-post-thumbnail","6":"product_cat-orez","7":"product_cat-vietnam","8":"product_tag-instant","9":"product_tag-taitei-din-orez","10":"product_tag-vietnam","11":"product_tag-vita","12":"berocket_brand-acecook","14":"first","15":"instock","16":"taxable","17":"shipping-taxable","18":"purchasable","19":"product-type-simple"},"_links":{"self":[{"href":"https:\/\/pretasouper.com\/en\/wp-json\/wp\/v2\/product\/7848","targetHints":{"allow":["GET"]}}],"collection":[{"href":"https:\/\/pretasouper.com\/en\/wp-json\/wp\/v2\/product"}],"about":[{"href":"https:\/\/pretasouper.com\/en\/wp-json\/wp\/v2\/types\/product"}],"version-history":[{"count":2,"href":"https:\/\/pretasouper.com\/en\/wp-json\/wp\/v2\/product\/7848\/revisions"}],"predecessor-version":[{"id":8097,"href":"https:\/\/pretasouper.com\/en\/wp-json\/wp\/v2\/product\/7848\/revisions\/8097"}],"wp:featuredmedia":[{"embeddable":true,"href":"https:\/\/pretasouper.com\/en\/wp-json\/wp\/v2\/media\/7849"}],"wp:attachment":[{"href":"https:\/\/pretasouper.com\/en\/wp-json\/wp\/v2\/media?parent=7848"}],"wp:term":[{"taxonomy":"product_brand","embeddable":true,"href":"https:\/\/pretasouper.com\/en\/wp-json\/wp\/v2\/product_brand?post=7848"},{"taxonomy":"product_cat","embeddable":true,"href":"https:\/\/pretasouper.com\/en\/wp-json\/wp\/v2\/product_cat?post=7848"},{"taxonomy":"product_tag","embeddable":true,"href":"https:\/\/pretasouper.com\/en\/wp-json\/wp\/v2\/product_tag?post=7848"},{"taxonomy":"berocket_brand","embeddable":true,"href":"https:\/\/pretasouper.com\/en\/wp-json\/wp\/v2\/berocket_brand?post=7848"}],"curies":[{"name":"wp","href":"https:\/\/api.w.org\/{rel}","templated":true}]}}