{"id":7852,"date":"2023-02-27T14:20:30","date_gmt":"2023-02-27T14:20:30","guid":{"rendered":"https:\/\/pretasouper.com\/?post_type=product&#038;p=7852"},"modified":"2023-11-01T14:06:57","modified_gmt":"2023-11-01T14:06:57","slug":"taitei-instant-din-orez-cu-chiftele-din-vita-70g-acecook","status":"publish","type":"product","link":"https:\/\/pretasouper.com\/en\/supa\/taitei-instant-din-orez-cu-chiftele-din-vita-70g-acecook\/","title":{"rendered":"Instant rice noodles with beef meatballs 70g - Acecook"},"content":{"rendered":"<p>Ingredients:<br \/>\nTaitei de orez: orez, amidon, agent de ingrosare (amidon oxidat E1404), sare, emulgator (E466, E322).<br \/>\nSup\u0103: zah\u0103r, sare, amidon, pudr\u0103 de usturoi, poten\u021biator de arom\u0103 (E621, E631, E627), pudr\u0103 de sos de soia (gr\u00e2u, soia), condimente, extract de drojdie, agent antiaglomerant (E551), ulei de palmier (antioxidant (E320, E321)).<br \/>\nUlei: ulei de palmier (antioxidant (E320, E321), condimente, arom\u0103 artificial\u0103 de carne, colorant (E160a).<br \/>\nLegume: proteine \u200b\u200bdin soia, ceap\u0103 uscat\u0103, coriandru uscat.<\/p>","protected":false},"excerpt":{"rendered":"<p>Supa instant cu taitei din orez cu chiftele din vita.<\/p>","protected":false},"featured_media":7853,"template":"","meta":[],"product_brand":[],"product_cat":[105,91],"product_tag":[84,246,252,205],"berocket_brand":[328],"class_list":{"0":"post-7852","1":"product","2":"type-product","3":"status-publish","4":"has-post-thumbnail","6":"product_cat-orez","7":"product_cat-vietnam","8":"product_tag-instant","9":"product_tag-taitei-din-orez","10":"product_tag-vietnam","11":"product_tag-vita","12":"berocket_brand-acecook","14":"first","15":"instock","16":"taxable","17":"shipping-taxable","18":"purchasable","19":"product-type-simple"},"_links":{"self":[{"href":"https:\/\/pretasouper.com\/en\/wp-json\/wp\/v2\/product\/7852","targetHints":{"allow":["GET"]}}],"collection":[{"href":"https:\/\/pretasouper.com\/en\/wp-json\/wp\/v2\/product"}],"about":[{"href":"https:\/\/pretasouper.com\/en\/wp-json\/wp\/v2\/types\/product"}],"version-history":[{"count":2,"href":"https:\/\/pretasouper.com\/en\/wp-json\/wp\/v2\/product\/7852\/revisions"}],"predecessor-version":[{"id":7865,"href":"https:\/\/pretasouper.com\/en\/wp-json\/wp\/v2\/product\/7852\/revisions\/7865"}],"wp:featuredmedia":[{"embeddable":true,"href":"https:\/\/pretasouper.com\/en\/wp-json\/wp\/v2\/media\/7853"}],"wp:attachment":[{"href":"https:\/\/pretasouper.com\/en\/wp-json\/wp\/v2\/media?parent=7852"}],"wp:term":[{"taxonomy":"product_brand","embeddable":true,"href":"https:\/\/pretasouper.com\/en\/wp-json\/wp\/v2\/product_brand?post=7852"},{"taxonomy":"product_cat","embeddable":true,"href":"https:\/\/pretasouper.com\/en\/wp-json\/wp\/v2\/product_cat?post=7852"},{"taxonomy":"product_tag","embeddable":true,"href":"https:\/\/pretasouper.com\/en\/wp-json\/wp\/v2\/product_tag?post=7852"},{"taxonomy":"berocket_brand","embeddable":true,"href":"https:\/\/pretasouper.com\/en\/wp-json\/wp\/v2\/berocket_brand?post=7852"}],"curies":[{"name":"wp","href":"https:\/\/api.w.org\/{rel}","templated":true}]}}