{"id":7855,"date":"2023-02-27T14:27:30","date_gmt":"2023-02-27T14:27:30","guid":{"rendered":"https:\/\/pretasouper.com\/?post_type=product&#038;p=7855"},"modified":"2024-06-04T08:34:33","modified_gmt":"2024-06-04T08:34:33","slug":"taitei-instant-din-orez-nam-vang-71g-acecook","status":"publish","type":"product","link":"https:\/\/pretasouper.com\/en\/supa\/taitei-instant-din-orez-nam-vang-71g-acecook\/","title":{"rendered":"Nam Vang instant rice noodles 71g \u2013 Acecook"},"content":{"rendered":"<p>Ingredients:<\/p>\n<p>Fidea de orez: orez, amidon, agent de \u00eengro\u0219are (amidon oxidat (E1404)), sare, emulsificator (carboximetil de sodiu, celuloz\u0103 (E466), lecitin\u0103 de soia (E322).<\/p>\n<p>Sup\u0103: sugar, sare, potentiator de aroma (glutamt monosodic (E621), izonat disodic (E631), guanilat disodic (E627)), condimente, pudr\u0103 de creveci (Parapenaeopsis), pudr\u0103 de sm\u00e2nt\u00e2n\u0103 f\u0103r\u0103 lapte (cazein\u0103), amidon, extract de drojdie.<\/p>\n<p>Ulei: Ulei vegetal (ulei de palmier, antioxidan\u021bi (hydroxyanisol butilat (E320), hydroxytoluene butilat (E321))), ulei s\u00e0i, condimente, \u021belin\u0103.<\/p>\n<p>Legume: varz\u0103 s\u0103rat\u0103 uscat\u0103 (varz\u0103, extract de ardei iute din soia), protein\u0103 din soia, ceap\u0103 de pr\u0103m\u0103n\u0103 uscat\u0103. Arpagic uscat cu turgaro.<\/p>","protected":false},"excerpt":{"rendered":"<p>Supa instant cu taitei din orez si sos bogat cu aroma de oare de porc, carne de porc, calamar si creveti uscati.<\/p>\n<p>&nbsp;<\/p>","protected":false},"featured_media":7856,"template":"","meta":[],"product_brand":[],"product_cat":[109,91],"product_tag":[333,265,84,217,246,252],"berocket_brand":[328],"class_list":{"0":"post-7855","1":"product","2":"type-product","3":"status-publish","4":"has-post-thumbnail","6":"product_cat-fainuri-tempurapanko-condimenteierburi","7":"product_cat-vietnam","8":"product_tag-calamar","9":"product_tag-fructe-de-mare","10":"product_tag-instant","11":"product_tag-porc","12":"product_tag-taitei-din-orez","13":"product_tag-vietnam","14":"berocket_brand-acecook","16":"first","17":"instock","18":"taxable","19":"shipping-taxable","20":"purchasable","21":"product-type-simple"},"_links":{"self":[{"href":"https:\/\/pretasouper.com\/en\/wp-json\/wp\/v2\/product\/7855","targetHints":{"allow":["GET"]}}],"collection":[{"href":"https:\/\/pretasouper.com\/en\/wp-json\/wp\/v2\/product"}],"about":[{"href":"https:\/\/pretasouper.com\/en\/wp-json\/wp\/v2\/types\/product"}],"version-history":[{"count":2,"href":"https:\/\/pretasouper.com\/en\/wp-json\/wp\/v2\/product\/7855\/revisions"}],"predecessor-version":[{"id":7858,"href":"https:\/\/pretasouper.com\/en\/wp-json\/wp\/v2\/product\/7855\/revisions\/7858"}],"wp:featuredmedia":[{"embeddable":true,"href":"https:\/\/pretasouper.com\/en\/wp-json\/wp\/v2\/media\/7856"}],"wp:attachment":[{"href":"https:\/\/pretasouper.com\/en\/wp-json\/wp\/v2\/media?parent=7855"}],"wp:term":[{"taxonomy":"product_brand","embeddable":true,"href":"https:\/\/pretasouper.com\/en\/wp-json\/wp\/v2\/product_brand?post=7855"},{"taxonomy":"product_cat","embeddable":true,"href":"https:\/\/pretasouper.com\/en\/wp-json\/wp\/v2\/product_cat?post=7855"},{"taxonomy":"product_tag","embeddable":true,"href":"https:\/\/pretasouper.com\/en\/wp-json\/wp\/v2\/product_tag?post=7855"},{"taxonomy":"berocket_brand","embeddable":true,"href":"https:\/\/pretasouper.com\/en\/wp-json\/wp\/v2\/berocket_brand?post=7855"}],"curies":[{"name":"wp","href":"https:\/\/api.w.org\/{rel}","templated":true}]}}