{"id":7860,"date":"2023-02-27T14:36:47","date_gmt":"2023-02-27T14:36:47","guid":{"rendered":"https:\/\/pretasouper.com\/?post_type=product&#038;p=7860"},"modified":"2023-11-01T14:06:33","modified_gmt":"2023-11-01T14:06:33","slug":"taitei-instant-din-orez-cu-coaste-70g-acecook","status":"publish","type":"product","link":"https:\/\/pretasouper.com\/en\/supa\/taitei-instant-din-orez-cu-coaste-70g-acecook\/","title":{"rendered":"Instant rice noodles with ribs 70g - Acecook"},"content":{"rendered":"<p>Ingredients:<\/p>\n<p>Taitei de orez (70,8%): orez (42,9%), amidon, agent de ingrosare (amidon oxidat E1404), sare, emulsificatori (carboximetil celuloza de sodiu E466, lecitina de soia E322).<\/p>\n<p>Sup\u0103 (16,3%): zah\u0103r, sare, amidon, condimente, poten\u021biatori de arome (glutamat monosodic E621, inozinat disodic E631, guanilat disodic E627), extract de drojdie, arom\u0103 artificial\u0103 de porc (gr\u00e2u, soia) (0,3%), praf (sos de soia) Gr\u00e2u, soia), pudr\u0103 de calmar (Loligo Edulis), agent antiaglomerant (dioxid de siliciu E551).<\/p>\n<p>Legume (1,8%): protein\u0103 din soia, varz\u0103 s\u0103rat\u0103 uscat\u0103 (soia), morcov uscat, ceap\u0103 de prim\u0103var\u0103 uscat\u0103.<\/p>","protected":false},"excerpt":{"rendered":"<p>Supa instant cu taitei din orez si aroma de coaste de porc.<\/p>","protected":false},"featured_media":7861,"template":"","meta":[],"product_brand":[],"product_cat":[107,91],"product_tag":[84,217,246,252],"berocket_brand":[328],"class_list":{"0":"post-7860","1":"product","2":"type-product","3":"status-publish","4":"has-post-thumbnail","6":"product_cat-produse-din-cocos-lapte-de-cocos-cremafulgi","7":"product_cat-vietnam","8":"product_tag-instant","9":"product_tag-porc","10":"product_tag-taitei-din-orez","11":"product_tag-vietnam","12":"berocket_brand-acecook","14":"first","15":"instock","16":"taxable","17":"shipping-taxable","18":"purchasable","19":"product-type-simple"},"_links":{"self":[{"href":"https:\/\/pretasouper.com\/en\/wp-json\/wp\/v2\/product\/7860","targetHints":{"allow":["GET"]}}],"collection":[{"href":"https:\/\/pretasouper.com\/en\/wp-json\/wp\/v2\/product"}],"about":[{"href":"https:\/\/pretasouper.com\/en\/wp-json\/wp\/v2\/types\/product"}],"version-history":[{"count":1,"href":"https:\/\/pretasouper.com\/en\/wp-json\/wp\/v2\/product\/7860\/revisions"}],"predecessor-version":[{"id":7862,"href":"https:\/\/pretasouper.com\/en\/wp-json\/wp\/v2\/product\/7860\/revisions\/7862"}],"wp:featuredmedia":[{"embeddable":true,"href":"https:\/\/pretasouper.com\/en\/wp-json\/wp\/v2\/media\/7861"}],"wp:attachment":[{"href":"https:\/\/pretasouper.com\/en\/wp-json\/wp\/v2\/media?parent=7860"}],"wp:term":[{"taxonomy":"product_brand","embeddable":true,"href":"https:\/\/pretasouper.com\/en\/wp-json\/wp\/v2\/product_brand?post=7860"},{"taxonomy":"product_cat","embeddable":true,"href":"https:\/\/pretasouper.com\/en\/wp-json\/wp\/v2\/product_cat?post=7860"},{"taxonomy":"product_tag","embeddable":true,"href":"https:\/\/pretasouper.com\/en\/wp-json\/wp\/v2\/product_tag?post=7860"},{"taxonomy":"berocket_brand","embeddable":true,"href":"https:\/\/pretasouper.com\/en\/wp-json\/wp\/v2\/berocket_brand?post=7860"}],"curies":[{"name":"wp","href":"https:\/\/api.w.org\/{rel}","templated":true}]}}