{"id":7867,"date":"2023-02-27T14:50:44","date_gmt":"2023-02-27T14:50:44","guid":{"rendered":"https:\/\/pretasouper.com\/?post_type=product&#038;p=7867"},"modified":"2024-04-16T11:35:39","modified_gmt":"2024-04-16T11:35:39","slug":"taitei-instant-din-orez-vermicelli-cu-tom-yum-61g-acecook","status":"publish","type":"product","link":"https:\/\/pretasouper.com\/en\/supa\/taitei-instant-din-orez-vermicelli-cu-tom-yum-61g-acecook\/","title":{"rendered":"Instant vermicelli rice noodles with Tom Yum 61g \u2013 Acecook"},"content":{"rendered":"<p>Ingrediente: Vermicelli (39g): amidon (cartof, mazare, fasole mung 2,2%), agent de ingrosare: E1420. Amestec de condimente (13,8g): zah\u0103r, sare, poten\u021biator de arom\u0103: E621;E627;E631, pudr\u0103 de creve\u021bi 1,3%, condimente, pudr\u0103 de calmar, pudr\u0103 de pe\u0219te (Stolephorus spp.), acidifiant: E330. Ulei de condimente (3,5g): ulei de palmier (ulei de palmier, antioxidant: E320;E321, sos de pe\u0219te (Stolephorus spp.), sare, arom\u0103, regulator de aciditate: E330, zah\u0103r, colorant: E160c, condimente, creve\u021bi. Legume (1,3) g): Creve\u021bi usca\u021bi 0,6% (lapte, susan), \u0219alot\u0103 uscat\u0103, pr\u0103jitur\u0103 de pe\u0219te uscat\u0103 (con\u021bine colorant::E120), ceap\u0103 verde uscat\u0103, coriandru uscat. Past\u0103 de sup\u0103: (4,4g):tamarind lichid, sare, zah\u0103r, regulator de aciditate :E330.<\/p>","protected":false},"excerpt":{"rendered":"<p>Supa instant cu taitei din orez Vermicelli cu Tom Yum.<\/p>","protected":false},"featured_media":7868,"template":"","meta":[],"product_brand":[],"product_cat":[109,91],"product_tag":[84,246,232,252],"berocket_brand":[328],"class_list":{"0":"post-7867","1":"product","2":"type-product","3":"status-publish","4":"has-post-thumbnail","6":"product_cat-fainuri-tempurapanko-condimenteierburi","7":"product_cat-vietnam","8":"product_tag-instant","9":"product_tag-taitei-din-orez","10":"product_tag-tom-yum","11":"product_tag-vietnam","12":"berocket_brand-acecook","14":"first","15":"outofstock","16":"taxable","17":"shipping-taxable","18":"purchasable","19":"product-type-simple"},"_links":{"self":[{"href":"https:\/\/pretasouper.com\/en\/wp-json\/wp\/v2\/product\/7867","targetHints":{"allow":["GET"]}}],"collection":[{"href":"https:\/\/pretasouper.com\/en\/wp-json\/wp\/v2\/product"}],"about":[{"href":"https:\/\/pretasouper.com\/en\/wp-json\/wp\/v2\/types\/product"}],"version-history":[{"count":1,"href":"https:\/\/pretasouper.com\/en\/wp-json\/wp\/v2\/product\/7867\/revisions"}],"predecessor-version":[{"id":7869,"href":"https:\/\/pretasouper.com\/en\/wp-json\/wp\/v2\/product\/7867\/revisions\/7869"}],"wp:featuredmedia":[{"embeddable":true,"href":"https:\/\/pretasouper.com\/en\/wp-json\/wp\/v2\/media\/7868"}],"wp:attachment":[{"href":"https:\/\/pretasouper.com\/en\/wp-json\/wp\/v2\/media?parent=7867"}],"wp:term":[{"taxonomy":"product_brand","embeddable":true,"href":"https:\/\/pretasouper.com\/en\/wp-json\/wp\/v2\/product_brand?post=7867"},{"taxonomy":"product_cat","embeddable":true,"href":"https:\/\/pretasouper.com\/en\/wp-json\/wp\/v2\/product_cat?post=7867"},{"taxonomy":"product_tag","embeddable":true,"href":"https:\/\/pretasouper.com\/en\/wp-json\/wp\/v2\/product_tag?post=7867"},{"taxonomy":"berocket_brand","embeddable":true,"href":"https:\/\/pretasouper.com\/en\/wp-json\/wp\/v2\/berocket_brand?post=7867"}],"curies":[{"name":"wp","href":"https:\/\/api.w.org\/{rel}","templated":true}]}}