{"id":7878,"date":"2023-02-28T09:02:08","date_gmt":"2023-02-28T09:02:08","guid":{"rendered":"https:\/\/pretasouper.com\/?post_type=product&#038;p=7878"},"modified":"2024-04-16T11:35:09","modified_gmt":"2024-04-16T11:35:09","slug":"taitei-instant-din-orez-pho-ga-pahar-70g-acecook","status":"publish","type":"product","link":"https:\/\/pretasouper.com\/en\/supa\/taitei-instant-din-orez-pho-ga-pahar-70g-acecook\/","title":{"rendered":"Instant rice noodles Pho Ga (Cup) 70g \u2013 Acecook"},"content":{"rendered":"<p>Ingrediente: Fidea de orez (70,4%): orez 58,5%, agent de \u00eengro\u0219are (amidon oxidat (e1404)), amidon, sare, emulgatori (lecitin\u0103 de soia (E322), carboximetil celuloz\u0103 de sodiu (E466)).<\/p>\n<p>Sup\u0103 (16,8%): zah\u0103r, sare, poten\u021biatori de arom\u0103 (glutamat monosodic (e621), disodiuminosinat (E631), guanilat disodic (E627), arom\u0103 artificial\u0103 de pui 1,0% (orz, lapte), condimente, amidon, extract de drojdie, sos de soia pulbere (gr\u00e2u, soia), agent antiaglomerant (dioxid de siliciu (E551)), ulei vegetal (ulei de palmier, antioxidanti (hidroxianisol butilat (E320), hidroxitoluen butilat (E321)))<\/p>\n<p>Ulei (10,3%): Ulei vegetal (ulei de palm\u0103, antioxidan\u021bi (hidroxianisol butilat (E320), hidroxitoluen butilat (e321))), arom\u0103 artificial\u0103 de pui 0,1%, colorant (caroteni (e160a)), condimente.<\/p>\n<p>Legume (2,5%) Proteine \u200b\u200bdin gr\u00e2u (culoare (amoniac caramel (E50c))), ceap\u0103 de prim\u0103var\u0103 uscat\u0103, coriandru uscat.<\/p>\n<p>&nbsp;<\/p>","protected":false},"excerpt":{"rendered":"<p>Supa instant cu taitei din orez si aroma de pui.<\/p>","protected":false},"featured_media":7879,"template":"","meta":[],"product_brand":[],"product_cat":[106,91],"product_tag":[84,237,225,246,252],"berocket_brand":[328],"class_list":{"0":"post-7878","1":"product","2":"type-product","3":"status-publish","4":"has-post-thumbnail","6":"product_cat-taitei","7":"product_cat-vietnam","8":"product_tag-instant","9":"product_tag-pahar","10":"product_tag-pui","11":"product_tag-taitei-din-orez","12":"product_tag-vietnam","13":"berocket_brand-acecook","15":"first","16":"instock","17":"taxable","18":"shipping-taxable","19":"purchasable","20":"product-type-simple"},"_links":{"self":[{"href":"https:\/\/pretasouper.com\/en\/wp-json\/wp\/v2\/product\/7878","targetHints":{"allow":["GET"]}}],"collection":[{"href":"https:\/\/pretasouper.com\/en\/wp-json\/wp\/v2\/product"}],"about":[{"href":"https:\/\/pretasouper.com\/en\/wp-json\/wp\/v2\/types\/product"}],"version-history":[{"count":1,"href":"https:\/\/pretasouper.com\/en\/wp-json\/wp\/v2\/product\/7878\/revisions"}],"predecessor-version":[{"id":7880,"href":"https:\/\/pretasouper.com\/en\/wp-json\/wp\/v2\/product\/7878\/revisions\/7880"}],"wp:featuredmedia":[{"embeddable":true,"href":"https:\/\/pretasouper.com\/en\/wp-json\/wp\/v2\/media\/7879"}],"wp:attachment":[{"href":"https:\/\/pretasouper.com\/en\/wp-json\/wp\/v2\/media?parent=7878"}],"wp:term":[{"taxonomy":"product_brand","embeddable":true,"href":"https:\/\/pretasouper.com\/en\/wp-json\/wp\/v2\/product_brand?post=7878"},{"taxonomy":"product_cat","embeddable":true,"href":"https:\/\/pretasouper.com\/en\/wp-json\/wp\/v2\/product_cat?post=7878"},{"taxonomy":"product_tag","embeddable":true,"href":"https:\/\/pretasouper.com\/en\/wp-json\/wp\/v2\/product_tag?post=7878"},{"taxonomy":"berocket_brand","embeddable":true,"href":"https:\/\/pretasouper.com\/en\/wp-json\/wp\/v2\/berocket_brand?post=7878"}],"curies":[{"name":"wp","href":"https:\/\/api.w.org\/{rel}","templated":true}]}}