{"id":7881,"date":"2023-02-28T09:09:56","date_gmt":"2023-02-28T09:09:56","guid":{"rendered":"https:\/\/pretasouper.com\/?post_type=product&#038;p=7881"},"modified":"2024-06-04T08:32:54","modified_gmt":"2024-06-04T08:32:54","slug":"taitei-instant-din-orez-vermicelli-cu-coaste-56g-acecook","status":"publish","type":"product","link":"https:\/\/pretasouper.com\/en\/supa\/taitei-instant-din-orez-vermicelli-cu-coaste-56g-acecook\/","title":{"rendered":"Instant vermicelli rice noodles with ribs 56g \u2013 Acecook"},"content":{"rendered":"<p>Ingrediente:<\/p>\n<p>Vermicelli (68,7%): amidon, amidon de fasole mung (27,5%).<\/p>\n<div class=\"col-xs-12 col-sm-12 spacer-m\">\n<div id=\"responsiveTabs\" class=\"r-tabs\">\n<div class=\"resp-tabs-container\">\n<div id=\"tab-description\" class=\"r-tabs-panel r-tabs-state-active\">\n<div class=\"clearfix\">\n<p>Sup\u0103 (18,5%): sare, zah\u0103r, poten\u021biatori de arom\u0103 (glutamat monosodic E621, inozinat disodic E631, guanilat disodic E627), condimente, pudr\u0103 de sos de soia (gr\u00e2u, soia), extract de drojdie, amidon, arom\u0103 artificial\u0103 de carne de porc (gr\u00e2u) (0,4%), colorant (caramel simplu E150a), agent antiaglomerant (dioxid de siliciu E551).<\/p>\n<p>Ulei (9,5%): Ulei vegetal (ulei de palmier, antioxidanti [hidroxianisol butilat E320], hidroxitoluen butilat E321]), condimente, colorant (caroteni E160a).<\/p>\n<p>Legume (3,3%): Proteine \u200b\u200bdin gr\u00e2u (culoare [Amoniac Caramel E150c]), ciuperc\u0103 neagr\u0103 uscat\u0103, varz\u0103 uscat\u0103, ceap\u0103 de prim\u0103var\u0103 uscat\u0103.<\/p>\n<\/div>\n<p>&nbsp;<\/p>\n<\/div>\n<\/div>\n<\/div>\n<\/div>\n","protected":false},"excerpt":{"rendered":"<p>Instant soup with vermicelli rice noodles with ribs.<\/p>","protected":false},"featured_media":7882,"template":"","meta":[],"product_brand":[],"product_cat":[107,91],"product_tag":[334,84,246,252],"berocket_brand":[328],"class_list":{"0":"post-7881","1":"product","2":"type-product","3":"status-publish","4":"has-post-thumbnail","6":"product_cat-produse-din-cocos-lapte-de-cocos-cremafulgi","7":"product_cat-vietnam","8":"product_tag-coaste","9":"product_tag-instant","10":"product_tag-taitei-din-orez","11":"product_tag-vietnam","12":"berocket_brand-acecook","14":"first","15":"outofstock","16":"taxable","17":"shipping-taxable","18":"purchasable","19":"product-type-simple"},"_links":{"self":[{"href":"https:\/\/pretasouper.com\/en\/wp-json\/wp\/v2\/product\/7881","targetHints":{"allow":["GET"]}}],"collection":[{"href":"https:\/\/pretasouper.com\/en\/wp-json\/wp\/v2\/product"}],"about":[{"href":"https:\/\/pretasouper.com\/en\/wp-json\/wp\/v2\/types\/product"}],"version-history":[{"count":2,"href":"https:\/\/pretasouper.com\/en\/wp-json\/wp\/v2\/product\/7881\/revisions"}],"predecessor-version":[{"id":7884,"href":"https:\/\/pretasouper.com\/en\/wp-json\/wp\/v2\/product\/7881\/revisions\/7884"}],"wp:featuredmedia":[{"embeddable":true,"href":"https:\/\/pretasouper.com\/en\/wp-json\/wp\/v2\/media\/7882"}],"wp:attachment":[{"href":"https:\/\/pretasouper.com\/en\/wp-json\/wp\/v2\/media?parent=7881"}],"wp:term":[{"taxonomy":"product_brand","embeddable":true,"href":"https:\/\/pretasouper.com\/en\/wp-json\/wp\/v2\/product_brand?post=7881"},{"taxonomy":"product_cat","embeddable":true,"href":"https:\/\/pretasouper.com\/en\/wp-json\/wp\/v2\/product_cat?post=7881"},{"taxonomy":"product_tag","embeddable":true,"href":"https:\/\/pretasouper.com\/en\/wp-json\/wp\/v2\/product_tag?post=7881"},{"taxonomy":"berocket_brand","embeddable":true,"href":"https:\/\/pretasouper.com\/en\/wp-json\/wp\/v2\/berocket_brand?post=7881"}],"curies":[{"name":"wp","href":"https:\/\/api.w.org\/{rel}","templated":true}]}}