{"id":7910,"date":"2023-02-28T10:36:32","date_gmt":"2023-02-28T10:36:32","guid":{"rendered":"https:\/\/pretasouper.com\/?post_type=product&#038;p=7910"},"modified":"2024-04-16T11:31:21","modified_gmt":"2024-04-16T11:31:21","slug":"taitei-instant-vermicelli-hot-spicy-105g-baijia-2","status":"publish","type":"product","link":"https:\/\/pretasouper.com\/en\/supa\/taitei-instant-vermicelli-hot-spicy-105g-baijia-2\/","title":{"rendered":"Hot &amp; Spicy Vermicelli instant noodles 105g \u2013 Baijia"},"content":{"rendered":"<p>Taitei:<\/p>\n<p>Taitei vermicelli: amidon de porumb, ulei de boabe de soia<br \/>\nPachet de ulei: ulei de rapi\u021b\u0103, e\u0219alot\u0103, ghimbir, susan, ardei iute (1,5%), extracte de drojdie<\/p>\n<p>Baza supei: sare, poten\u021biatori de arom\u0103 (E621, E635), zah\u0103r.<\/p>\n<p>Pachet cu o\u021bet: o\u021bet (11%), sos de soia (fasole de soia, ap\u0103, f\u0103in\u0103 de gr\u00e2u, sare), regulatori de aciditate (E260, E330), arom\u0103 de o\u021bet (0,05%)<\/p>","protected":false},"excerpt":{"rendered":"<p>Taitei instant vermicelli, cu aroma iute condimentata.<\/p>","protected":false},"featured_media":7912,"template":"","meta":[],"product_brand":[],"product_cat":[90,108],"product_tag":[335,190,84,183],"berocket_brand":[332],"class_list":{"0":"post-7910","1":"product","2":"type-product","3":"status-publish","4":"has-post-thumbnail","6":"product_cat-china","7":"product_cat-sosuri","8":"product_tag-condimentata","9":"product_tag-hot","10":"product_tag-instant","11":"product_tag-taitei","12":"berocket_brand-baijia","14":"first","15":"outofstock","16":"taxable","17":"shipping-taxable","18":"purchasable","19":"product-type-simple"},"_links":{"self":[{"href":"https:\/\/pretasouper.com\/en\/wp-json\/wp\/v2\/product\/7910","targetHints":{"allow":["GET"]}}],"collection":[{"href":"https:\/\/pretasouper.com\/en\/wp-json\/wp\/v2\/product"}],"about":[{"href":"https:\/\/pretasouper.com\/en\/wp-json\/wp\/v2\/types\/product"}],"version-history":[{"count":1,"href":"https:\/\/pretasouper.com\/en\/wp-json\/wp\/v2\/product\/7910\/revisions"}],"predecessor-version":[{"id":7913,"href":"https:\/\/pretasouper.com\/en\/wp-json\/wp\/v2\/product\/7910\/revisions\/7913"}],"wp:featuredmedia":[{"embeddable":true,"href":"https:\/\/pretasouper.com\/en\/wp-json\/wp\/v2\/media\/7912"}],"wp:attachment":[{"href":"https:\/\/pretasouper.com\/en\/wp-json\/wp\/v2\/media?parent=7910"}],"wp:term":[{"taxonomy":"product_brand","embeddable":true,"href":"https:\/\/pretasouper.com\/en\/wp-json\/wp\/v2\/product_brand?post=7910"},{"taxonomy":"product_cat","embeddable":true,"href":"https:\/\/pretasouper.com\/en\/wp-json\/wp\/v2\/product_cat?post=7910"},{"taxonomy":"product_tag","embeddable":true,"href":"https:\/\/pretasouper.com\/en\/wp-json\/wp\/v2\/product_tag?post=7910"},{"taxonomy":"berocket_brand","embeddable":true,"href":"https:\/\/pretasouper.com\/en\/wp-json\/wp\/v2\/berocket_brand?post=7910"}],"curies":[{"name":"wp","href":"https:\/\/api.w.org\/{rel}","templated":true}]}}