{"id":7956,"date":"2023-02-28T14:04:05","date_gmt":"2023-02-28T14:04:05","guid":{"rendered":"https:\/\/pretasouper.com\/?post_type=product&#038;p=7956"},"modified":"2023-11-01T14:02:29","modified_gmt":"2023-11-01T14:02:29","slug":"supa-instant-de-taitei-cu-ciuperci-120g","status":"publish","type":"product","link":"https:\/\/pretasouper.com\/en\/supa\/supa-instant-de-taitei-cu-ciuperci-120g\/","title":{"rendered":"Supa instant de taitei cu ciuperci (Pahar) 120g &#8211; Kailo Brand"},"content":{"rendered":"<p>Ingrediente: Taitei: faina de GRAU, ulei de palmier, amidon modificat de tapioca, sare, usturoi, regulator de aciditate E500, E501. Sos de condimente: sare, zah\u0103r, poten\u021biator de arom\u0103 E621, E627, E631, ciuperci shitake, sos de soia pudr\u0103 ( SOIA, maltodextrin\u0103, colorant E150a, poten\u021biator de arom\u0103 E627, sare E631, proteine \u200b\u200b(fasole de SOIA), ghimbir, usturoi colorant, E150 , arpagic, agent de ingrosare E1420.Sos: ulei de palmier, aroma de ciuperca shiitake Legume uscate: varza, morcov, ciuperca shiitake, salota<\/p>","protected":false},"excerpt":{"rendered":"<p>Supa instant cu taitei din faina de grau si aroma de ciuperci<\/p>","protected":false},"featured_media":8026,"template":"","meta":[],"product_brand":[],"product_cat":[90,108],"product_tag":[308,84,237,183],"berocket_brand":[329],"class_list":{"0":"post-7956","1":"product","2":"type-product","3":"status-publish","4":"has-post-thumbnail","6":"product_cat-china","7":"product_cat-sosuri","8":"product_tag-ciuperci","9":"product_tag-instant","10":"product_tag-pahar","11":"product_tag-taitei","12":"berocket_brand-kailo","14":"first","15":"instock","16":"taxable","17":"shipping-taxable","18":"purchasable","19":"product-type-simple"},"_links":{"self":[{"href":"https:\/\/pretasouper.com\/en\/wp-json\/wp\/v2\/product\/7956","targetHints":{"allow":["GET"]}}],"collection":[{"href":"https:\/\/pretasouper.com\/en\/wp-json\/wp\/v2\/product"}],"about":[{"href":"https:\/\/pretasouper.com\/en\/wp-json\/wp\/v2\/types\/product"}],"version-history":[{"count":4,"href":"https:\/\/pretasouper.com\/en\/wp-json\/wp\/v2\/product\/7956\/revisions"}],"predecessor-version":[{"id":8024,"href":"https:\/\/pretasouper.com\/en\/wp-json\/wp\/v2\/product\/7956\/revisions\/8024"}],"wp:featuredmedia":[{"embeddable":true,"href":"https:\/\/pretasouper.com\/en\/wp-json\/wp\/v2\/media\/8026"}],"wp:attachment":[{"href":"https:\/\/pretasouper.com\/en\/wp-json\/wp\/v2\/media?parent=7956"}],"wp:term":[{"taxonomy":"product_brand","embeddable":true,"href":"https:\/\/pretasouper.com\/en\/wp-json\/wp\/v2\/product_brand?post=7956"},{"taxonomy":"product_cat","embeddable":true,"href":"https:\/\/pretasouper.com\/en\/wp-json\/wp\/v2\/product_cat?post=7956"},{"taxonomy":"product_tag","embeddable":true,"href":"https:\/\/pretasouper.com\/en\/wp-json\/wp\/v2\/product_tag?post=7956"},{"taxonomy":"berocket_brand","embeddable":true,"href":"https:\/\/pretasouper.com\/en\/wp-json\/wp\/v2\/berocket_brand?post=7956"}],"curies":[{"name":"wp","href":"https:\/\/api.w.org\/{rel}","templated":true}]}}