{"id":7965,"date":"2023-02-28T14:09:28","date_gmt":"2023-02-28T14:09:28","guid":{"rendered":"https:\/\/pretasouper.com\/?post_type=product&#038;p=7965"},"modified":"2023-11-15T19:00:37","modified_gmt":"2023-11-15T19:00:37","slug":"supa-instant-de-taitei-cu-pui120g","status":"publish","type":"product","link":"https:\/\/pretasouper.com\/en\/supa\/supa-instant-de-taitei-cu-pui120g\/","title":{"rendered":"Instant noodle soup with chicken (glass) 120g \u2013 Kailo Brand"},"content":{"rendered":"<p>Ingrediente:<\/p>\n<p>Taitei: faina de grau, ulei de palmier, amidon modificat de tapioca, sare, usturoi, regulatori de aciditate (sodiu, carbonat, carbonat de potasiu).<\/p>\n<p>Pachet de condimente: sare, zah\u0103r, poten\u021biator de arom\u0103 (glutamat monosodic), maltodextrin\u0103 (gr\u00e2u). Extract de drojdie, pudr\u0103 de ciuperci Shiitake, arom\u0103 de pui (2%) (zah\u0103r, glucoz\u0103, protein\u0103 vegetal\u0103 hidrolizat\u0103 (soia), maltodextrin\u0103 (gr\u00e2u), amidon de porumb modificat), condimente (usturoi, piper, anason stelat), pudr\u0103 de sos de soia [soia , maltodextrin\u0103 (gr\u00e2u), colorant (caramel simplu), intensificator de arom\u0103 (guanilat disodic, inozinat disodic), sare], colorant (caramel cu amoniac), agent antiaglomerant (dioxid de siliciu).<\/p>\n<p>Pachet de sos: ulei de palmier, arom\u0103 de pui (10%) [zah\u0103r, glucoz\u0103, protein\u0103 vegetal\u0103 hidrolizat\u0103 (soia), maltodextrin\u0103 (gr\u00e2u), amidon de porumb modificat], condimente (usturoi, piper, anason stelat), conservant (sorbat de potasiu).<\/p>\n<p>Pachet de legume uscate: morcov, e\u015falot\u0103, ciuperci Shiitake (15%), varz\u0103, maz\u0103re.<\/p>\n","protected":false},"excerpt":{"rendered":"<p>Taitei instant din faina de grau cu aroma de pui si legume.<\/p>","protected":false},"featured_media":8034,"template":"","meta":[],"product_brand":[],"product_cat":[90,106],"product_tag":[227,84,339,237,225,183],"berocket_brand":[329],"class_list":{"0":"post-7965","1":"product","2":"type-product","3":"status-publish","4":"has-post-thumbnail","6":"product_cat-china","7":"product_cat-taitei","8":"product_tag-china","9":"product_tag-instant","10":"product_tag-kailo","11":"product_tag-pahar","12":"product_tag-pui","13":"product_tag-taitei","14":"berocket_brand-kailo","16":"first","17":"instock","18":"taxable","19":"shipping-taxable","20":"purchasable","21":"product-type-simple"},"_links":{"self":[{"href":"https:\/\/pretasouper.com\/en\/wp-json\/wp\/v2\/product\/7965","targetHints":{"allow":["GET"]}}],"collection":[{"href":"https:\/\/pretasouper.com\/en\/wp-json\/wp\/v2\/product"}],"about":[{"href":"https:\/\/pretasouper.com\/en\/wp-json\/wp\/v2\/types\/product"}],"version-history":[{"count":3,"href":"https:\/\/pretasouper.com\/en\/wp-json\/wp\/v2\/product\/7965\/revisions"}],"predecessor-version":[{"id":8035,"href":"https:\/\/pretasouper.com\/en\/wp-json\/wp\/v2\/product\/7965\/revisions\/8035"}],"wp:featuredmedia":[{"embeddable":true,"href":"https:\/\/pretasouper.com\/en\/wp-json\/wp\/v2\/media\/8034"}],"wp:attachment":[{"href":"https:\/\/pretasouper.com\/en\/wp-json\/wp\/v2\/media?parent=7965"}],"wp:term":[{"taxonomy":"product_brand","embeddable":true,"href":"https:\/\/pretasouper.com\/en\/wp-json\/wp\/v2\/product_brand?post=7965"},{"taxonomy":"product_cat","embeddable":true,"href":"https:\/\/pretasouper.com\/en\/wp-json\/wp\/v2\/product_cat?post=7965"},{"taxonomy":"product_tag","embeddable":true,"href":"https:\/\/pretasouper.com\/en\/wp-json\/wp\/v2\/product_tag?post=7965"},{"taxonomy":"berocket_brand","embeddable":true,"href":"https:\/\/pretasouper.com\/en\/wp-json\/wp\/v2\/berocket_brand?post=7965"}],"curies":[{"name":"wp","href":"https:\/\/api.w.org\/{rel}","templated":true}]}}