{"id":7995,"date":"2023-02-28T14:37:31","date_gmt":"2023-02-28T14:37:31","guid":{"rendered":"https:\/\/pretasouper.com\/?post_type=product&#038;p=7995"},"modified":"2024-04-16T11:28:13","modified_gmt":"2024-04-16T11:28:13","slug":"supa-instant-de-taitei-cu-vita-picanta-pahar-120g-kailo-brand","status":"publish","type":"product","link":"https:\/\/pretasouper.com\/en\/supa\/supa-instant-de-taitei-cu-vita-picanta-pahar-120g-kailo-brand\/","title":{"rendered":"Instant noodle soup with spicy beef (Glass) 120g \u2013 Kailo Brand"},"content":{"rendered":"<p>Ingredients:<\/p>\n<p>Fidea (90g): F\u0102IN\u0102 DE GR\u00c2U 60%, ulei de palmier, amidon de tapioca, sare, poten\u021biator de arom\u0103: E621, regulator de aciditate: E501, E500, E451, E450, agent de \u00eengro\u0219are: E415, antioxidant: E307.<br \/>\nSos (10g): ulei de palmier, sos chili (chili, apa, sare), ceapa primavara, ULEI DE SESAM, chili, pudra de mandarina.<br \/>\nPudr\u0103 de condimente (6g): sare, extract de drojdie, zah\u0103r, praf de ceap\u0103, pudr\u0103 de usturoi, piper Sichuan, arom\u0103 (GR\u0102U, SOIA), pudr\u0103 de fenicul, poten\u021biator de arom\u0103: E635, piper, pudr\u0103 de ghimbir, pudr\u0103 de mandarine, agent antiaglomerant: E551.<br \/>\nLegume uscate (4g): varz\u0103 alb\u0103, morcov, ceap\u0103 verde.<\/p>","protected":false},"excerpt":{"rendered":"<p>Taitei instant din faina de grau cu aroma de vita picanta.<\/p>","protected":false},"featured_media":8045,"template":"","meta":[],"product_brand":[],"product_cat":[90,105],"product_tag":[227,190,339,237,260,306,205],"berocket_brand":[329],"class_list":{"0":"post-7995","1":"product","2":"type-product","3":"status-publish","4":"has-post-thumbnail","6":"product_cat-china","7":"product_cat-orez","8":"product_tag-china","9":"product_tag-hot","10":"product_tag-kailo","11":"product_tag-pahar","12":"product_tag-picanta","13":"product_tag-taitei-instant","14":"product_tag-vita","15":"berocket_brand-kailo","17":"first","18":"instock","19":"taxable","20":"shipping-taxable","21":"purchasable","22":"product-type-simple"},"_links":{"self":[{"href":"https:\/\/pretasouper.com\/en\/wp-json\/wp\/v2\/product\/7995","targetHints":{"allow":["GET"]}}],"collection":[{"href":"https:\/\/pretasouper.com\/en\/wp-json\/wp\/v2\/product"}],"about":[{"href":"https:\/\/pretasouper.com\/en\/wp-json\/wp\/v2\/types\/product"}],"version-history":[{"count":3,"href":"https:\/\/pretasouper.com\/en\/wp-json\/wp\/v2\/product\/7995\/revisions"}],"predecessor-version":[{"id":8047,"href":"https:\/\/pretasouper.com\/en\/wp-json\/wp\/v2\/product\/7995\/revisions\/8047"}],"wp:featuredmedia":[{"embeddable":true,"href":"https:\/\/pretasouper.com\/en\/wp-json\/wp\/v2\/media\/8045"}],"wp:attachment":[{"href":"https:\/\/pretasouper.com\/en\/wp-json\/wp\/v2\/media?parent=7995"}],"wp:term":[{"taxonomy":"product_brand","embeddable":true,"href":"https:\/\/pretasouper.com\/en\/wp-json\/wp\/v2\/product_brand?post=7995"},{"taxonomy":"product_cat","embeddable":true,"href":"https:\/\/pretasouper.com\/en\/wp-json\/wp\/v2\/product_cat?post=7995"},{"taxonomy":"product_tag","embeddable":true,"href":"https:\/\/pretasouper.com\/en\/wp-json\/wp\/v2\/product_tag?post=7995"},{"taxonomy":"berocket_brand","embeddable":true,"href":"https:\/\/pretasouper.com\/en\/wp-json\/wp\/v2\/berocket_brand?post=7995"}],"curies":[{"name":"wp","href":"https:\/\/api.w.org\/{rel}","templated":true}]}}