{"id":8001,"date":"2023-02-28T14:39:44","date_gmt":"2023-02-28T14:39:44","guid":{"rendered":"https:\/\/pretasouper.com\/?post_type=product&#038;p=8001"},"modified":"2023-03-02T10:38:36","modified_gmt":"2023-03-02T10:38:36","slug":"supa-instant-de-taitei-tom-yum-pahar-120g-kailo-brand","status":"publish","type":"product","link":"https:\/\/pretasouper.com\/en\/supa\/supa-instant-de-taitei-tom-yum-pahar-120g-kailo-brand\/","title":{"rendered":"Tom Yum Instant Noodle Soup (Glass) 120g \u2013 Kailo Brand"},"content":{"rendered":"<p>Ingrediente:<\/p>\n<p>Paste: f\u0103in\u0103 de gr\u00e2u, ulei de palmier, amidon de tapioca modificat, sare, usturoi, regulator de aciditate (E500ii, E501i)<\/p>\n<p>Pachet condimente: sare, intensificator de arom\u0103 (E621), zah\u0103r, maltodextrin\u0103 (gr\u00e2u), arom\u0103 de creve\u021bi (crustacee), extract de creve\u021bi, antioxidant (E270), protein\u0103 din soia hidrolizat\u0103, emulgator (E422), sare, poten\u021biatori de arom\u0103 (E621, E640), maltodextrin\u0103 (gr\u00e2u), amidon de porumb modificat], condimente (usturoi, piper, anason), protein\u0103 din soia, picant \u0219i pudr\u0103 acri\u0219oar\u0103 [sare, condimente (usturoi, piper, anason), arom\u0103 de creve\u021bi (crustacee) [extract de creve\u021bi, antioxidant (E270), protein\u0103 din soia hidrolizat\u0103, emulgator (E422), sare, poten\u021biator de arom\u0103 (E621, E640), maltodextrin\u0103 ( gr\u00e2u), amidon de porumb modificat, pudr\u0103 de ro\u0219ii, arom\u0103 de l\u0103m\u00e2ie, pudr\u0103 de sos de soia [soia, maltodextrin\u0103 (gr\u00e2u), colorant (E150a), poten\u021biatori de arom\u0103 (E627, E631), sare], extract de drojdie, regulator de aciditate (E330), anti -agent de aglomerare ( E551), colorant (E150a), intensificator de arom\u0103 (E635, E621) Pachet sos: ulei de soia, ap\u0103, sare, zah\u0103r, arom\u0103 de creve\u021bi (crustacee) [extract de crevet\u0103, regulator de aciditate (E270), protein\u0103 de soia hidrolizat\u0103, emulgator (E422) ), sare, poten\u021biator de arom\u0103 (E621, E640), maltodextrin\u0103 (gr\u00e2u), amidon de porumb modificat], usturoi, iarb\u0103 de l\u0103m\u00e2ie, ceap\u0103, poten\u021bator de arom\u0103 (E621), frunze de tei kaffir, ardei iute, galanga, suc de l\u0103m\u00e2ie, regulator de aciditate (E330), legume uscate: morcov, varz\u0103, shalota.<\/p>\n","protected":false},"excerpt":{"rendered":"<p>Taitei instant din faina de grau cu aroma de Tom Yum.<\/p>","protected":false},"featured_media":8049,"template":"","meta":[],"product_brand":[],"product_cat":[90,109],"product_tag":[227,84,339,237,183,232],"berocket_brand":[329],"class_list":{"0":"post-8001","1":"product","2":"type-product","3":"status-publish","4":"has-post-thumbnail","6":"product_cat-china","7":"product_cat-fainuri-tempurapanko-condimenteierburi","8":"product_tag-china","9":"product_tag-instant","10":"product_tag-kailo","11":"product_tag-pahar","12":"product_tag-taitei","13":"product_tag-tom-yum","14":"berocket_brand-kailo","16":"first","17":"outofstock","18":"taxable","19":"shipping-taxable","20":"purchasable","21":"product-type-simple"},"_links":{"self":[{"href":"https:\/\/pretasouper.com\/en\/wp-json\/wp\/v2\/product\/8001","targetHints":{"allow":["GET"]}}],"collection":[{"href":"https:\/\/pretasouper.com\/en\/wp-json\/wp\/v2\/product"}],"about":[{"href":"https:\/\/pretasouper.com\/en\/wp-json\/wp\/v2\/types\/product"}],"version-history":[{"count":3,"href":"https:\/\/pretasouper.com\/en\/wp-json\/wp\/v2\/product\/8001\/revisions"}],"predecessor-version":[{"id":8050,"href":"https:\/\/pretasouper.com\/en\/wp-json\/wp\/v2\/product\/8001\/revisions\/8050"}],"wp:featuredmedia":[{"embeddable":true,"href":"https:\/\/pretasouper.com\/en\/wp-json\/wp\/v2\/media\/8049"}],"wp:attachment":[{"href":"https:\/\/pretasouper.com\/en\/wp-json\/wp\/v2\/media?parent=8001"}],"wp:term":[{"taxonomy":"product_brand","embeddable":true,"href":"https:\/\/pretasouper.com\/en\/wp-json\/wp\/v2\/product_brand?post=8001"},{"taxonomy":"product_cat","embeddable":true,"href":"https:\/\/pretasouper.com\/en\/wp-json\/wp\/v2\/product_cat?post=8001"},{"taxonomy":"product_tag","embeddable":true,"href":"https:\/\/pretasouper.com\/en\/wp-json\/wp\/v2\/product_tag?post=8001"},{"taxonomy":"berocket_brand","embeddable":true,"href":"https:\/\/pretasouper.com\/en\/wp-json\/wp\/v2\/berocket_brand?post=8001"}],"curies":[{"name":"wp","href":"https:\/\/api.w.org\/{rel}","templated":true}]}}