{"id":8004,"date":"2023-02-28T14:42:46","date_gmt":"2023-02-28T14:42:46","guid":{"rendered":"https:\/\/pretasouper.com\/?post_type=product&#038;p=8004"},"modified":"2023-12-07T19:25:09","modified_gmt":"2023-12-07T19:25:09","slug":"supa-instant-de-taitei-cu-vita-pahar-120g-kailo-brand","status":"publish","type":"product","link":"https:\/\/pretasouper.com\/en\/supa\/supa-instant-de-taitei-cu-vita-pahar-120g-kailo-brand\/","title":{"rendered":"Instant noodle soup with beef (Glass) 120g \u2013 Kailo Brand"},"content":{"rendered":"<p>Ingredients:<\/p>\n<p>Taitei: faina de grau, ulei de palmier, amidon modificat de tapioca, sare, usturoi, regulator de aciditate: E500, E501.<\/p>\n<p>Condimente: sare, zah\u0103r, poten\u021biator de arom\u0103: E621, maltodextrin\u0103, arom\u0103 de carne de vit\u0103 (glucoz\u0103, amidon de porumb modificat, extract de drojdie, aminoacizi, proteine \u200b\u200bvegetale hidrolizate, zah\u0103r, condimente (usturoi, piper, anason)), pudr\u0103 de sos de SOIA (SOIA, maltodextrin\u0103, colorant: E150a, poten\u021biator de arom\u0103: E627, E631, sare) condimente (usturoi, ghimbir), extract de drojdie, pudr\u0103 de ro\u0219ii, colorant: E150c, antiaglomerant: E551, ulei de arom\u0103: ulei de palmier, past\u0103 de f\u0103in\u0103 de GRAU (f\u0103in\u0103 de GRAU) , sare, zah\u0103r, ap\u0103), condimente (usturoi, ghimbir, piper), arom\u0103 de vit\u0103: (glucoz\u0103, amidon de porumb modificat, extract de drojdie, aminoacizi, proteine \u200b\u200bvegetale hidrolizate, zah\u0103r, condimente (usturoi, piper, anason)), uscat Legume (morcov, varz\u0103, arpagic, maz\u0103re)<\/p>","protected":false},"excerpt":{"rendered":"<p>Taitei instant din faina de grau cu aroma de vita.<\/p>","protected":false},"featured_media":8052,"template":"","meta":[],"product_brand":[],"product_cat":[90,105],"product_tag":[227,84,339,237,183,205],"berocket_brand":[329],"class_list":{"0":"post-8004","1":"product","2":"type-product","3":"status-publish","4":"has-post-thumbnail","6":"product_cat-china","7":"product_cat-orez","8":"product_tag-china","9":"product_tag-instant","10":"product_tag-kailo","11":"product_tag-pahar","12":"product_tag-taitei","13":"product_tag-vita","14":"berocket_brand-kailo","16":"first","17":"instock","18":"taxable","19":"shipping-taxable","20":"purchasable","21":"product-type-simple"},"_links":{"self":[{"href":"https:\/\/pretasouper.com\/en\/wp-json\/wp\/v2\/product\/8004","targetHints":{"allow":["GET"]}}],"collection":[{"href":"https:\/\/pretasouper.com\/en\/wp-json\/wp\/v2\/product"}],"about":[{"href":"https:\/\/pretasouper.com\/en\/wp-json\/wp\/v2\/types\/product"}],"version-history":[{"count":3,"href":"https:\/\/pretasouper.com\/en\/wp-json\/wp\/v2\/product\/8004\/revisions"}],"predecessor-version":[{"id":8053,"href":"https:\/\/pretasouper.com\/en\/wp-json\/wp\/v2\/product\/8004\/revisions\/8053"}],"wp:featuredmedia":[{"embeddable":true,"href":"https:\/\/pretasouper.com\/en\/wp-json\/wp\/v2\/media\/8052"}],"wp:attachment":[{"href":"https:\/\/pretasouper.com\/en\/wp-json\/wp\/v2\/media?parent=8004"}],"wp:term":[{"taxonomy":"product_brand","embeddable":true,"href":"https:\/\/pretasouper.com\/en\/wp-json\/wp\/v2\/product_brand?post=8004"},{"taxonomy":"product_cat","embeddable":true,"href":"https:\/\/pretasouper.com\/en\/wp-json\/wp\/v2\/product_cat?post=8004"},{"taxonomy":"product_tag","embeddable":true,"href":"https:\/\/pretasouper.com\/en\/wp-json\/wp\/v2\/product_tag?post=8004"},{"taxonomy":"berocket_brand","embeddable":true,"href":"https:\/\/pretasouper.com\/en\/wp-json\/wp\/v2\/berocket_brand?post=8004"}],"curies":[{"name":"wp","href":"https:\/\/api.w.org\/{rel}","templated":true}]}}