{"id":8008,"date":"2023-02-28T14:47:37","date_gmt":"2023-02-28T14:47:37","guid":{"rendered":"https:\/\/pretasouper.com\/?post_type=product&#038;p=8008"},"modified":"2023-03-02T10:58:57","modified_gmt":"2023-03-02T10:58:57","slug":"supa-instant-de-taitei-cu-coasta-de-porc-pahar-120g-kailo-brand","status":"publish","type":"product","link":"https:\/\/pretasouper.com\/en\/supa\/supa-instant-de-taitei-cu-coasta-de-porc-pahar-120g-kailo-brand\/","title":{"rendered":"Instant noodle soup with pork ribs (Glass) 120g \u2013 Kailo Brand"},"content":{"rendered":"<p>Ingredients:<\/p>\n<p>Taitei: faina de grau, ulei de palmier, amidon modificat de tapioca, sare, usturoi, regulator de aciditate E500i, E501i.<br \/>\nCondimente: sare, zah\u0103r, poten\u021biator de arom\u0103 E621, E627, E631,coastele 3,5%, usturoi, piper, anason, maltodextrin\u0103, culoare E150c.<br \/>\nSos: ulei de palmier, f\u0103in\u0103 de gr\u00e2u, sare, zah\u0103r, ap\u0103, costi\u021b\u0103 face 2%.<br \/>\nLegume uscate: ceapa verde, morcov, varza.<\/p>","protected":false},"excerpt":{"rendered":"<p>Taitei instant din faina de grau cu aroma de coaste de porc.<\/p>","protected":false},"featured_media":8058,"template":"","meta":[],"product_brand":[],"product_cat":[90,107],"product_tag":[227,334,84,339,237,217,183],"berocket_brand":[329],"class_list":{"0":"post-8008","1":"product","2":"type-product","3":"status-publish","4":"has-post-thumbnail","6":"product_cat-china","7":"product_cat-produse-din-cocos-lapte-de-cocos-cremafulgi","8":"product_tag-china","9":"product_tag-coaste","10":"product_tag-instant","11":"product_tag-kailo","12":"product_tag-pahar","13":"product_tag-porc","14":"product_tag-taitei","15":"berocket_brand-kailo","17":"first","18":"outofstock","19":"taxable","20":"shipping-taxable","21":"purchasable","22":"product-type-simple"},"_links":{"self":[{"href":"https:\/\/pretasouper.com\/en\/wp-json\/wp\/v2\/product\/8008","targetHints":{"allow":["GET"]}}],"collection":[{"href":"https:\/\/pretasouper.com\/en\/wp-json\/wp\/v2\/product"}],"about":[{"href":"https:\/\/pretasouper.com\/en\/wp-json\/wp\/v2\/types\/product"}],"version-history":[{"count":2,"href":"https:\/\/pretasouper.com\/en\/wp-json\/wp\/v2\/product\/8008\/revisions"}],"predecessor-version":[{"id":8059,"href":"https:\/\/pretasouper.com\/en\/wp-json\/wp\/v2\/product\/8008\/revisions\/8059"}],"wp:featuredmedia":[{"embeddable":true,"href":"https:\/\/pretasouper.com\/en\/wp-json\/wp\/v2\/media\/8058"}],"wp:attachment":[{"href":"https:\/\/pretasouper.com\/en\/wp-json\/wp\/v2\/media?parent=8008"}],"wp:term":[{"taxonomy":"product_brand","embeddable":true,"href":"https:\/\/pretasouper.com\/en\/wp-json\/wp\/v2\/product_brand?post=8008"},{"taxonomy":"product_cat","embeddable":true,"href":"https:\/\/pretasouper.com\/en\/wp-json\/wp\/v2\/product_cat?post=8008"},{"taxonomy":"product_tag","embeddable":true,"href":"https:\/\/pretasouper.com\/en\/wp-json\/wp\/v2\/product_tag?post=8008"},{"taxonomy":"berocket_brand","embeddable":true,"href":"https:\/\/pretasouper.com\/en\/wp-json\/wp\/v2\/berocket_brand?post=8008"}],"curies":[{"name":"wp","href":"https:\/\/api.w.org\/{rel}","templated":true}]}}