{"id":8073,"date":"2023-03-02T11:56:02","date_gmt":"2023-03-02T11:56:02","guid":{"rendered":"https:\/\/pretasouper.com\/?post_type=product&#038;p=8073"},"modified":"2024-06-04T08:29:23","modified_gmt":"2024-06-04T08:29:23","slug":"supa-instant-de-taitei-cu-vita-120g-yato","status":"publish","type":"product","link":"https:\/\/pretasouper.com\/en\/supa\/supa-instant-de-taitei-cu-vita-120g-yato\/","title":{"rendered":"Instant noodle soup with beef 120g - Yato"},"content":{"rendered":"<p>Ingredients:<\/p>\n<p>Taitei: faina de grau, ulei de palmier, amidon modificat de tapioca, sare, usturoi, regulator de aciditate (E550, E501). Condimente: sare, zah\u0103r, arom\u0103 E621, amidon de porumb modificat, extract de drojdie, aminoacizi, proteine \u200b\u200bvegetale, zah\u0103r, condimente (usturoi, piper, anason), pudr\u0103 de sos de soia (soia, maltodextrin\u0103, coloran\u021bi: E150a, arom\u0103: E627, E631) , sare;<br \/>\nCondimente: usturoi; Ghimbir, anason; Extract de drojdie, pudr\u0103 de ro\u0219ii, colorant: E150c, sare, zah\u0103r, ap\u0103, arom\u0103 de vit\u0103 (glucoz\u0103, amidon de porumb modificat, extract de drojdie, aminoacizi, proteine \u200b\u200bvegetale, zah\u0103r, condimente), legume uscate: morcovi, varz\u0103.<\/p>","protected":false},"excerpt":{"rendered":"<p>Taitei instant din faina de grau cu aroma de vita.<\/p>","protected":false},"featured_media":8084,"template":"","meta":[],"product_brand":[],"product_cat":[90,105],"product_tag":[227,84,183,205,341],"berocket_brand":[330],"class_list":{"0":"post-8073","1":"product","2":"type-product","3":"status-publish","4":"has-post-thumbnail","6":"product_cat-china","7":"product_cat-orez","8":"product_tag-china","9":"product_tag-instant","10":"product_tag-taitei","11":"product_tag-vita","12":"product_tag-yato","13":"berocket_brand-yato","15":"first","16":"outofstock","17":"taxable","18":"shipping-taxable","19":"purchasable","20":"product-type-simple"},"_links":{"self":[{"href":"https:\/\/pretasouper.com\/en\/wp-json\/wp\/v2\/product\/8073","targetHints":{"allow":["GET"]}}],"collection":[{"href":"https:\/\/pretasouper.com\/en\/wp-json\/wp\/v2\/product"}],"about":[{"href":"https:\/\/pretasouper.com\/en\/wp-json\/wp\/v2\/types\/product"}],"version-history":[{"count":3,"href":"https:\/\/pretasouper.com\/en\/wp-json\/wp\/v2\/product\/8073\/revisions"}],"predecessor-version":[{"id":8085,"href":"https:\/\/pretasouper.com\/en\/wp-json\/wp\/v2\/product\/8073\/revisions\/8085"}],"wp:featuredmedia":[{"embeddable":true,"href":"https:\/\/pretasouper.com\/en\/wp-json\/wp\/v2\/media\/8084"}],"wp:attachment":[{"href":"https:\/\/pretasouper.com\/en\/wp-json\/wp\/v2\/media?parent=8073"}],"wp:term":[{"taxonomy":"product_brand","embeddable":true,"href":"https:\/\/pretasouper.com\/en\/wp-json\/wp\/v2\/product_brand?post=8073"},{"taxonomy":"product_cat","embeddable":true,"href":"https:\/\/pretasouper.com\/en\/wp-json\/wp\/v2\/product_cat?post=8073"},{"taxonomy":"product_tag","embeddable":true,"href":"https:\/\/pretasouper.com\/en\/wp-json\/wp\/v2\/product_tag?post=8073"},{"taxonomy":"berocket_brand","embeddable":true,"href":"https:\/\/pretasouper.com\/en\/wp-json\/wp\/v2\/berocket_brand?post=8073"}],"curies":[{"name":"wp","href":"https:\/\/api.w.org\/{rel}","templated":true}]}}