{"id":8075,"date":"2023-03-02T11:56:38","date_gmt":"2023-03-02T11:56:38","guid":{"rendered":"https:\/\/pretasouper.com\/?post_type=product&#038;p=8075"},"modified":"2023-03-02T14:31:25","modified_gmt":"2023-03-02T14:31:25","slug":"supa-instant-de-taitei-cu-fructe-de-mare-120g-yato","status":"publish","type":"product","link":"https:\/\/pretasouper.com\/en\/supa\/supa-instant-de-taitei-cu-fructe-de-mare-120g-yato\/","title":{"rendered":"Instant noodle soup with seafood 120g - Yato"},"content":{"rendered":"<p>Ingrediente: Fidea: f\u0103in\u0103 de gr\u00e2u, ulei de palmier, amidon de tapioca modificat, sare, usturoi, regulatori de aciditate (E500i, E501i). Pachet de condimente: sare, zah\u0103r, poten\u021biator de arom\u0103 (E621), arom\u0103 de creve\u021bi (4,8%), pachet de condimente: sare, poten\u021biator de arom\u0103 (E621, E640), glucoz\u0103, maltodextrin\u0103 (gr\u00e2u), amidon de porumb), pudr\u0103 de sos de soia (soia, Maltodextrin\u0103 (gr\u00e2u), colorant (E150a), intensificator de arom\u0103 (E627, E631), sare), protein\u0103 de soia hidrolizat\u0103, drojdie (gr\u00e2u), colorant (E150c), agent antiaglomerant (E551). Pachet de sos: ulei de palmier, past\u0103 de f\u0103in\u0103 de gr\u00e2u (f\u0103in\u0103 de gr\u00e2u, sare, zah\u0103r, ap\u0103), arom\u0103 de fructe de mare (10%) (extract de creve\u021bi (crustacee), ap\u0103, sare, zah\u0103r, amidon de porumb, extract de pui, pudr\u0103 de g\u0103lbenu\u0219 de ou, soia Pudr\u0103 de sos 9Soia, maltodextrin\u0103 (gr\u00e2u), colorant (E150a), poten\u021biator de arom\u0103 (E627, E631), sare), condimente (usturoi, ghimbir, anason stelat), extract de drojdie, protein\u0103 hidrolizat\u0103 din soia, poten\u021biator de arom\u0103 (E621, E635), Arom\u0103 alimentar\u0103 (ulei de soia, extract de creve\u021bi, agent de \u00eengro\u0219are (E1422), conservant (E202), condimente (usturoi, ghimbir, piper, anason stelat) Pachet de legume uscate: morcov, ceap\u0103, porumb, varz\u0103.<\/p>","protected":false},"excerpt":{"rendered":"<p>Instant noodles from wheat flour with seafood.<\/p>","protected":false},"featured_media":8086,"template":"","meta":[],"product_brand":[],"product_cat":[90,109],"product_tag":[227,265,84,183,341],"berocket_brand":[330],"class_list":{"0":"post-8075","1":"product","2":"type-product","3":"status-publish","4":"has-post-thumbnail","6":"product_cat-china","7":"product_cat-fainuri-tempurapanko-condimenteierburi","8":"product_tag-china","9":"product_tag-fructe-de-mare","10":"product_tag-instant","11":"product_tag-taitei","12":"product_tag-yato","13":"berocket_brand-yato","15":"first","16":"outofstock","17":"taxable","18":"shipping-taxable","19":"product-type-simple"},"_links":{"self":[{"href":"https:\/\/pretasouper.com\/en\/wp-json\/wp\/v2\/product\/8075","targetHints":{"allow":["GET"]}}],"collection":[{"href":"https:\/\/pretasouper.com\/en\/wp-json\/wp\/v2\/product"}],"about":[{"href":"https:\/\/pretasouper.com\/en\/wp-json\/wp\/v2\/types\/product"}],"version-history":[{"count":2,"href":"https:\/\/pretasouper.com\/en\/wp-json\/wp\/v2\/product\/8075\/revisions"}],"predecessor-version":[{"id":8087,"href":"https:\/\/pretasouper.com\/en\/wp-json\/wp\/v2\/product\/8075\/revisions\/8087"}],"wp:featuredmedia":[{"embeddable":true,"href":"https:\/\/pretasouper.com\/en\/wp-json\/wp\/v2\/media\/8086"}],"wp:attachment":[{"href":"https:\/\/pretasouper.com\/en\/wp-json\/wp\/v2\/media?parent=8075"}],"wp:term":[{"taxonomy":"product_brand","embeddable":true,"href":"https:\/\/pretasouper.com\/en\/wp-json\/wp\/v2\/product_brand?post=8075"},{"taxonomy":"product_cat","embeddable":true,"href":"https:\/\/pretasouper.com\/en\/wp-json\/wp\/v2\/product_cat?post=8075"},{"taxonomy":"product_tag","embeddable":true,"href":"https:\/\/pretasouper.com\/en\/wp-json\/wp\/v2\/product_tag?post=8075"},{"taxonomy":"berocket_brand","embeddable":true,"href":"https:\/\/pretasouper.com\/en\/wp-json\/wp\/v2\/berocket_brand?post=8075"}],"curies":[{"name":"wp","href":"https:\/\/api.w.org\/{rel}","templated":true}]}}