{"id":8079,"date":"2023-03-02T12:01:22","date_gmt":"2023-03-02T12:01:22","guid":{"rendered":"https:\/\/pretasouper.com\/?post_type=product&#038;p=8079"},"modified":"2024-04-12T09:30:54","modified_gmt":"2024-04-12T09:30:54","slug":"supa-instant-de-taitei-mee-goreng-110g-yato","status":"publish","type":"product","link":"https:\/\/pretasouper.com\/en\/supa\/supa-instant-de-taitei-mee-goreng-110g-yato\/","title":{"rendered":"Mee Goreng instant noodle soup with pork 110g - Yato"},"content":{"rendered":"<p>Ingredients:<\/p>\n<p>Taitei: faina de grau, ulei de palmier, amidon modificat de tapioca, sare, regulator de aciditate (E500i, E501i).<\/p>\n<p>Pachet de condimente: sare, zah\u0103r, poten\u021biator de arome (E621), condimente (usturoi, ghimbir, piper, anason stelat), pudr\u0103 de sos de soia (soia, maltodextrin\u0103 (gr\u00e2u), colorant (E150a), poten\u021biator de arom\u0103 (E627, E631), sare ), ceap\u0103, culoare (E150c).<\/p>\n<p>Pachet de sos: ulei de palmier, ulei de rapi\u021b\u0103, ulei de ceap\u0103.<\/p>","protected":false},"excerpt":{"rendered":"<p>Taitei instant din faina de grau cu aroma de porc.<\/p>","protected":false},"featured_media":8092,"template":"","meta":[],"product_brand":[],"product_cat":[90,107],"product_tag":[227,84,340,217,183,341],"berocket_brand":[330],"class_list":{"0":"post-8079","1":"product","2":"type-product","3":"status-publish","4":"has-post-thumbnail","6":"product_cat-china","7":"product_cat-produse-din-cocos-lapte-de-cocos-cremafulgi","8":"product_tag-china","9":"product_tag-instant","10":"product_tag-mee-goreng","11":"product_tag-porc","12":"product_tag-taitei","13":"product_tag-yato","14":"berocket_brand-yato","16":"first","17":"outofstock","18":"taxable","19":"shipping-taxable","20":"purchasable","21":"product-type-simple"},"_links":{"self":[{"href":"https:\/\/pretasouper.com\/en\/wp-json\/wp\/v2\/product\/8079","targetHints":{"allow":["GET"]}}],"collection":[{"href":"https:\/\/pretasouper.com\/en\/wp-json\/wp\/v2\/product"}],"about":[{"href":"https:\/\/pretasouper.com\/en\/wp-json\/wp\/v2\/types\/product"}],"version-history":[{"count":4,"href":"https:\/\/pretasouper.com\/en\/wp-json\/wp\/v2\/product\/8079\/revisions"}],"predecessor-version":[{"id":8094,"href":"https:\/\/pretasouper.com\/en\/wp-json\/wp\/v2\/product\/8079\/revisions\/8094"}],"wp:featuredmedia":[{"embeddable":true,"href":"https:\/\/pretasouper.com\/en\/wp-json\/wp\/v2\/media\/8092"}],"wp:attachment":[{"href":"https:\/\/pretasouper.com\/en\/wp-json\/wp\/v2\/media?parent=8079"}],"wp:term":[{"taxonomy":"product_brand","embeddable":true,"href":"https:\/\/pretasouper.com\/en\/wp-json\/wp\/v2\/product_brand?post=8079"},{"taxonomy":"product_cat","embeddable":true,"href":"https:\/\/pretasouper.com\/en\/wp-json\/wp\/v2\/product_cat?post=8079"},{"taxonomy":"product_tag","embeddable":true,"href":"https:\/\/pretasouper.com\/en\/wp-json\/wp\/v2\/product_tag?post=8079"},{"taxonomy":"berocket_brand","embeddable":true,"href":"https:\/\/pretasouper.com\/en\/wp-json\/wp\/v2\/berocket_brand?post=8079"}],"curies":[{"name":"wp","href":"https:\/\/api.w.org\/{rel}","templated":true}]}}