{"id":8237,"date":"2023-03-29T11:58:12","date_gmt":"2023-03-29T11:58:12","guid":{"rendered":"https:\/\/pretasouper.com\/?post_type=product&#038;p=8237"},"modified":"2024-04-11T21:13:12","modified_gmt":"2024-04-11T21:13:12","slug":"supa-instant-din-orez-moo-nam-tok-55g-mama","status":"publish","type":"product","link":"https:\/\/pretasouper.com\/en\/supa\/supa-instant-din-orez-moo-nam-tok-55g-mama\/","title":{"rendered":"Moo Nam Tok instant rice soup 55g - Mama"},"content":{"rendered":"<p>Ingrediente: Taitei: faina de orez, ulei de palmier, sare, zahar, agent de ingrosare: E466, regulator de aciditate: E500, E501, sos de SOIA (fasole de SOIA, apa, sare). Condimente: sare, zah\u0103r, f\u0103in\u0103 de porumb, pudr\u0103 de sos (pulbere de soia [soia soia, ap\u0103, GRAU, sare], sare, extract de mal\u021b, pudr\u0103 de extract de drojdie, ulei de palmier), poten\u021biator de arom\u0103: E621, E635, pudr\u0103 de ardei iute, culoare: E150, arom\u0103 de porc 0,5% (con\u021bine poten\u021biatori de arom\u0103: E621, E627, E631), condimente, praz uscat, acid: E330, antiaglomerant: E551. Ulei de condimente: ulei de palmier, coriandru, ardei iute. Praf de ardei iute.<\/p>\n","protected":false},"excerpt":{"rendered":"<p>Instant noodles made from Moo Nam Tok rice flour with grilled pork, onion and mint.<\/p>","protected":false},"featured_media":8238,"template":"","meta":[],"product_brand":[],"product_cat":[107,40],"product_tag":[226,84,187,216,327,217,83,197,246],"berocket_brand":[93],"class_list":{"0":"post-8237","1":"product","2":"type-product","3":"status-publish","4":"has-post-thumbnail","6":"product_cat-produse-din-cocos-lapte-de-cocos-cremafulgi","7":"product_cat-tailanda","8":"product_tag-ceapa","9":"product_tag-instant","10":"product_tag-iute","11":"product_tag-mama","12":"product_tag-menta","13":"product_tag-porc","14":"product_tag-supa","15":"product_tag-tailanda","16":"product_tag-taitei-din-orez","17":"berocket_brand-mama","19":"first","20":"instock","21":"taxable","22":"shipping-taxable","23":"purchasable","24":"product-type-simple"},"_links":{"self":[{"href":"https:\/\/pretasouper.com\/en\/wp-json\/wp\/v2\/product\/8237","targetHints":{"allow":["GET"]}}],"collection":[{"href":"https:\/\/pretasouper.com\/en\/wp-json\/wp\/v2\/product"}],"about":[{"href":"https:\/\/pretasouper.com\/en\/wp-json\/wp\/v2\/types\/product"}],"version-history":[{"count":2,"href":"https:\/\/pretasouper.com\/en\/wp-json\/wp\/v2\/product\/8237\/revisions"}],"predecessor-version":[{"id":8240,"href":"https:\/\/pretasouper.com\/en\/wp-json\/wp\/v2\/product\/8237\/revisions\/8240"}],"wp:featuredmedia":[{"embeddable":true,"href":"https:\/\/pretasouper.com\/en\/wp-json\/wp\/v2\/media\/8238"}],"wp:attachment":[{"href":"https:\/\/pretasouper.com\/en\/wp-json\/wp\/v2\/media?parent=8237"}],"wp:term":[{"taxonomy":"product_brand","embeddable":true,"href":"https:\/\/pretasouper.com\/en\/wp-json\/wp\/v2\/product_brand?post=8237"},{"taxonomy":"product_cat","embeddable":true,"href":"https:\/\/pretasouper.com\/en\/wp-json\/wp\/v2\/product_cat?post=8237"},{"taxonomy":"product_tag","embeddable":true,"href":"https:\/\/pretasouper.com\/en\/wp-json\/wp\/v2\/product_tag?post=8237"},{"taxonomy":"berocket_brand","embeddable":true,"href":"https:\/\/pretasouper.com\/en\/wp-json\/wp\/v2\/berocket_brand?post=8237"}],"curies":[{"name":"wp","href":"https:\/\/api.w.org\/{rel}","templated":true}]}}